{"id":2,"date":"2020-03-03T15:54:22","date_gmt":"2020-03-03T14:54:22","guid":{"rendered":"https:\/\/talenti.hr\/?page_id=2"},"modified":"2020-04-21T12:50:42","modified_gmt":"2020-04-21T10:50:42","slug":"ujeti-koristenja","status":"publish","type":"page","link":"https:\/\/talenti.hr\/?page_id=2","title":{"rendered":"Uvjeti kori\u0161tenja"},"content":{"rendered":"<h3>Izjava o sigurnosti online pla\u0107anja<\/h3>\n<p>Pri pla\u0107anju na na\u0161oj web trgovini koristite CorvusPay \u2013 napredni sustav za siguran prihvat platnih kartica putem interneta. CorvusPay osigurava potpunu tajnost Va\u0161ih karti\u010dnih podataka ve\u0107 od trenutka kada ih upi\u0161ete u CorvusPay platni formular. Platni podaci proslje\u0111uju se \u0161ifrirano od Va\u0161eg web preglednika do banke koja je izdala Va\u0161u karticu. Na\u0161a trgovina nikada ne dolazi u kontakt s cjelovitim podacima o Va\u0161oj platnoj kartici. Tako\u0111er, podaci su nedostupni \u010dak i djelatnicima CorvusPay sustava. Izolirana jezgra samostalno prenosi i upravlja osjetljivim podacima, \u010duvaju\u0107i ih pri tom potpuno sigurnima. Formular za upis platnih podataka osiguran je SSL transportnom \u0161ifrom najve\u0107e pouzdanosti. Svi skladi\u0161teni podaci dodatno su za\u0161ti\u0107eni \u0161ifriranjem, kori\u0161tenjem kriptografskog ure\u0111aja certificiranog prema FIPS 140-2 Level 3 standardu. CorvusPay zadovoljava sve zahtjeve vezane uz sigurnost on-line pla\u0107anja propisane od strane vode\u0107ih karti\u010dnih brandova, odnosno posluje sukladno normi \u2013 PCI DSS Level 1 \u2013 najvi\u0161i sigurnosni standard industrije platnih kartica. Pri pla\u0107anju karticama uvr\u0161tenim u 3-D Secure program Va\u0161a banka uz valjanost same kartice dodatno potvr\u0111uje i Va\u0161 identitet pomo\u0107u tokena ili lozinke. Corvus Info sve prikupljene informacije smatra bankovnom tajnom i tretira ih u skladu s tim. Informacije se koriste isklju\u010divo u svrhe za koje su namijenjene. Va\u0161i osjetljivi podaci u potpunosti su sigurni, a njihova privatnost zajam\u010dena je najmodernijim za\u0161titnim mehanizmima. Prikupljaju se samo podaci nu\u017eni za obavljanje posla sukladno propisanim zahtjevnim procedurama za on-line pla\u0107anje. Sigurnosne kontrole i operativne procedure primijenjene na na\u0161u infrastrukturu osiguravaju trenutnu pouzdanost CorvusPay sustava. Uz to odr\u017eavanjem stroge kontrole pristupa, redovitim pra\u0107enjem sigurnosti i dubinskim provjerama za sprje\u010davanje ranjivosti mre\u017ee te planskim provo\u0111enjem odredbi o informacijskoj sigurnosti trajno odr\u017eavaju i unaprje\u0111uju stupanj sigurnosti sustava za\u0161titom Va\u0161ih karti\u010dnih podataka. Hvala \u0161to koristite CorvusPay!<\/p>\n<h3>Uvjeti kori\u0161tenja<\/h3>\n<p>Uvjeti kori\u0161tenja primjenjuju se na sve sadr\u017eaje i usluge s ove web stranice. Kori\u0161tenjem bilo kojeg dijela ove web stranice te svih njezinih dijelova smatra se da su korisnici upoznati s ovim uvjetima i svim rizicima koji nastaju iz kori\u0161tenja ove web stranice te prihva\u0107aju koristiti sadr\u017eaj ove web stranice isklju\u010divo za osobnu uporabu i na vlastitu odgovornost. Dokumenti, podaci i informacije objavljeni na ovoj web stranici ne smiju se reproducirati, distribuirati ili na bilo koji na\u010din koristiti u komercijalne svrhe bez izri\u010ditog pristanka imatelja prava ove web stranice ili na bilo koji na\u010din koji mo\u017ee uzrokovati \u0161tetu ovoj ili bilo kojoj tre\u0107oj strani. Zabranjeno je javno prikazivanje, objavljivanje, preno\u0161enje, mijenjanje, reproduciranje, sudjelovanje u prijenosu ili prodaji, distribucija, izrada kopija, otpremanje te svaka druga vrsta uporabe sadr\u017eaja ovih stranica ili jednog njihova dijela te odabir i uskla\u0111ivanje njihova sadr\u017eaja, bez izri\u010ditog prethodnog pismenog dopu\u0161tenja imatelja prava ove web stranice i drugih vlasnika autorskih prava. Neovla\u0161teno kori\u0161tenje bilo kojeg dijela web stranice, bez dozvole vlasnika autorskih prava, smatra se kr\u0161enjem autorskih prava imatelja prava ove web stranice i podlo\u017eno je tu\u017ebi. Kori\u0161tenjem sadr\u017eaja ove web stranice korisnik prihva\u0107a sve rizike koji nastaju iz kori\u0161tenja ove web stranice te prihva\u0107a koristiti sadr\u017eaj ove web stranice isklju\u010divo za osobnu uporabu i na vlastitu odgovornost. Nastojat \u0107emo ovu web stranicu za\u0161titi od virusa i drugih malicioznih i \u0161tetnih softvera, ali ne jam\u010dimo njihovu potpunu odsutnost. S tim u svezi, upu\u0107ujemo korisnike ove web stranice na poduzimanje potrebnih mjera za\u0161tite kao \u0161to su npr. uporaba vlastitih antivirusnih programa. Kori\u0161tenje web stranice uklju\u010duje i davanje osobnih podataka korisnika, kao i prikupljanje podataka, kao \u0161to je va\u0161a IP adresa, postavke jezika, vrstu preglednika, oznaku datuma i vremena, pru\u017eatelja internet usluga, operativni sustav. Ti podaci prikupljaju se u svrhu pobolj\u0161anja web stranice, zbog pru\u017eanja kvalitetnijih informacija o samom sadr\u017eaju na stranici, njenim uslugama i proizvodima. Prikupljene informacije spremaju se na log datoteke na va\u0161em ra\u010dunalu. Sve informacije koje se prikupe prilikom va\u0161e posjete web stranicama koriste se isklju\u010divo za analizu trendova, vo\u0111enje stranice, prikupljanje demografskih podataka, te pra\u0107enje pona\u0161anja posjetitelja na na\u0161im stranicama u svrhu pobolj\u0161anja usluga, proizvoda i sadr\u017eaja stranice. Kori\u0161tenjem web stranice, njezinog sadr\u017eaja, usluga i proizvoda dajete vlastiti pristanak na prikupljanje gore navedenih podataka te se sla\u017eete s ovim Uvjetima kori\u0161tenja. Na odre\u0111enim mjestima unutar ove web stranice (\u201cNarud\u017ebe\u201d , \u2026) koje nam dobrovoljno dajete tako \u0161to ispunite predmetni upitnik na ovoj web stranici. Navedeni podaci \u0107e se koristiti u svrhu kontakata, odgovaranja na va\u0161e upite, pru\u017eanje informacija na va\u0161 zahtjev i evidencije korisnika ove web stranice, a nu\u017eni su da bismo vam odgovorili na va\u0161 upit i pru\u017eili uslugu. Vi\u0161e o privatnosti pro\u010ditajte u Politici privatnosti. Kori\u0161tenjem sadr\u017eaja ove web stranice korisnik prihva\u0107a da ova web stranica mo\u017ee koristiti Google Analytics, uslugu analize Interneta koju pru\u017ea Google Inc. (\u201eGoogle\u201c). Google Analytics koristi tzv. kola\u010di\u0107e (\u201ecookies\u201c), tekstualne datoteke koje su pohranjene na va\u0161em ra\u010dunalu i koje omogu\u0107avaju analizu va\u0161eg kori\u0161tenja ove web stranice. Servis Google-a, Google Analytics skra\u0107uje va\u0161u IP adresu u dr\u017eavama \u010dlanicama Europske unije, te se ta IP adresa koristi isklju\u010divo u pra\u0107enju posje\u0107enosti i navika na na\u0161oj web stranici. Informacije koje stvaraju kola\u010di\u0107i o tome kako koristite ovu stranicu (uklju\u010duju\u0107i va\u0161u IP-adresu) \u0161alju se na Google-ov poslu\u017eitelj u SAD-u i tamo pohranjuju. Google mo\u017ee koristiti ove informacije za evaluaciju va\u0161eg kori\u0161tenja Internetske stranice, stvaranje izvje\u0161taja o aktivnosti na stranici za operatera stranice i za pru\u017eanje drugih usluga povezanih s kori\u0161tenjem stranice te Interneta. Google tako\u0111er mo\u017ee prenijeti te informacije tre\u0107im stranama, ako je to zakonski potrebno ili ako te tre\u0107e strane obra\u0111uju podatke prema ugovoru s dru\u0161tvom Google. Ni pod kojim okolnostima Google ne\u0107e povezati va\u0161u IP-adresu s drugim Google-ovim podacima. Mo\u017eete sprije\u010diti instalaciju kola\u010di\u0107a tako da podesite postavke softvera va\u0161eg preglednika; me\u0111utim, moramo vas obavijestiti da, ako to napravite, ne\u0107ete biti u mogu\u0107nosti u potpunosti koristiti sve funkcije ove internetske stranice. Kori\u0161tenjem ove internetske stranice izjavljujete da se sla\u017eete s obradom podataka koje Google prikupi o vama, na gore opisan na\u010din i u gore navedene svrhe.<\/p>\n<h3>Pla\u0107anje<\/h3>\n<ul>\n<li>Karticama: MasterCard, Maestro, Visa, Discover, Diners<\/li>\n<li>Pla\u0107anje virmanom<\/li>\n<li>Pla\u0107anje prilikom dostave<\/li>\n<\/ul>\n<h3>Uvjeti dostave<\/h3>\n<p>Vrijeme dostave ovisi o raspolo\u017eivosti robe koja se naru\u010duje, o firmi (Hrvatska po\u0161ta, Overseas, GLS, City Express) kojom \u0161aljemo robu i mo\u017ee trajati 3 do 7 radnih dana za proizvode koji su raspolo\u017eivi na zalihi. Za to\u010dno vrijeme treba kontaktirati komercijalista, a naj\u010de\u0161\u0107i rok dostave je 3 dana\u00a0 od vidljive uplate ili autorizacije kreditne kartice. Webshop narud\u017ebe i usluge dostave ne vrijede za inozemstvo.<\/p>\n<h3>Povrat novca i raskid ugovora<\/h3>\n<ul>\n<li>Kupac mo\u017ee otkazati narud\u017ebu nakon primitka naru\u010dene robe, ne navode\u0107i za to razlog, u roku od 14(\u010detrnaest) dana. Rok otkazivanja narud\u017ebe po\u010dinje te\u0107i od dana kada je kupac primio proizvod. Narud\u017eba se smatra otkazanom kada prodavatelj primi pismenu obavijest od kupca. Prodavatelj dostavlja kupcu potvrdu o primitku kup\u010deve izjave o raskidu.<\/li>\n<li>U slu\u010daju otkazivanja narud\u017ebe kupac je du\u017ean o svom tro\u0161ku vratiti proizvod prodavatelju bez odgode, a najkasnije u roku 14(\u010detrnaest) dana od kada je obavijestio prodavatelja o svojoj odluci da raskine ugovor.<\/li>\n<li>Prodavatelj se obvezuje kupcu vratiti cjelokupan iznos upla\u0107enih sredstava nakon povrata naru\u010dene robe.<\/li>\n<li>Proizvod koji kupac vra\u0107a prodavatelju mora biti u originalnoj i neo\u0161te\u0107enoj ambala\u017ei, sa svim pripadaju\u0107im dijelovima, nekori\u0161ten, neo\u0161te\u0107en i potpuno ispravan. Proizvod mora biti popra\u0107en originalnim dokumentima o kupnji(dostavnica, ra\u010dun).<\/li>\n<li>Proizvod nije mogu\u0107e vratiti ukoliko je na proizvodu vr\u0161ena bilo kakva intervencija u cilju popravka ili prepravka, te ukoliko je do gre\u0161ke do\u0161lo nestru\u010dnim ili nepa\u017eljivim rukovanjem.<\/li>\n<li>Upozorenje: zbog mogu\u0107nosti zloupotrebe ne preuzimamo po\u0161iljke s otkupninom<\/li>\n<li>Kupac je du\u017ean preuzeti naru\u010deni proizvod,a u slu\u010daju nepreuzimanja kupcu se zara\u010dunavaju nastali tro\u0161kovi u iznosu 2 prosje\u010dne po\u0161tarine od 30,00 Kn tj. ukupno 60,00 Kn.<\/li>\n<\/ul>\n<p>Isklju\u010denje prava na raskid ugovora<\/p>\n<ul>\n<li>Na temelju Zakona o za\u0161titi potro\u0161a\u010da, kupac nema pravo na raskid ugovora ako je rije\u010d o ugovoru:\n<ul>\n<li>o pru\u017eanju usluge, ako je pru\u017eanje usluge, uz izri\u010dit pristanak kupca, zapo\u010delo prije isteka roka o prodaji proizvoda u kojem je potro\u0161a\u010d imao pravo tra\u017eiti raskid ugovora<\/li>\n<li>o prodaji proizvoda ili obavljanju usluga \u010dija je cijena ovisna o fluktuacijama na financijskom tr\u017ei\u0161tu<\/li>\n<li>o prodaji proizvoda izra\u0111enog na temelju specifikacije od strane kupca, proizvoda izra\u0111enog isklju\u010divo za kupca ili proizvoda koji zbog svoje naravi ne mo\u017ee biti vra\u0107en ili je podlo\u017ean brzom propadanju<\/li>\n<li>o prodaji ra\u010dunalnih programa koje je potro\u0161a\u010d otpakirao<\/li>\n<\/ul>\n<\/li>\n<\/ul>\n","protected":false},"excerpt":{"rendered":"<p>Izjava o sigurnosti online pla\u0107anja Pri pla\u0107anju na na\u0161oj web trgovini &#8230; <\/p>\n","protected":false},"author":5,"featured_media":0,"parent":0,"menu_order":0,"comment_status":"closed","ping_status":"open","template":"","meta":{"footnotes":""},"class_list":["post-2","page","type-page","status-publish","hentry"],"_links":{"self":[{"href":"https:\/\/talenti.hr\/index.php?rest_route=\/wp\/v2\/pages\/2","targetHints":{"allow":["GET"]}}],"collection":[{"href":"https:\/\/talenti.hr\/index.php?rest_route=\/wp\/v2\/pages"}],"about":[{"href":"https:\/\/talenti.hr\/index.php?rest_route=\/wp\/v2\/types\/page"}],"author":[{"embeddable":true,"href":"https:\/\/talenti.hr\/index.php?rest_route=\/wp\/v2\/users\/5"}],"replies":[{"embeddable":true,"href":"https:\/\/talenti.hr\/index.php?rest_route=%2Fwp%2Fv2%2Fcomments&post=2"}],"version-history":[{"count":0,"href":"https:\/\/talenti.hr\/index.php?rest_route=\/wp\/v2\/pages\/2\/revisions"}],"wp:attachment":[{"href":"https:\/\/talenti.hr\/index.php?rest_route=%2Fwp%2Fv2%2Fmedia&parent=2"}],"curies":[{"name":"wp","href":"https:\/\/api.w.org\/{rel}","templated":true}]}}