{"id":1630,"date":"2020-03-04T12:06:58","date_gmt":"2020-03-04T11:06:58","guid":{"rendered":"https:\/\/talenti.hr\/?post_type=product&#038;p=1630"},"modified":"2020-04-21T16:12:57","modified_gmt":"2020-04-21T14:12:57","slug":"loptice-beanbags-basic","status":"publish","type":"product","link":"https:\/\/talenti.hr\/?product=loptice-beanbags-basic","title":{"rendered":"Beanbags Basic"},"content":{"rendered":"<div id=\"product_description\">\n<p>Loptice Beanbags Basic za \u017eongliranje odli\u010dne su za po\u010detnike. Dobre su kvalitete i pristupa\u010dne cijene.<\/p>\n<\/div>\n","protected":false},"excerpt":{"rendered":"<ul>\n<li>Cijena za 1 komad<\/li>\n<li>Te\u017eina: 120 g<\/li>\n<li>Promjer: 67 mm<\/li>\n<p> &#8230; <\/p>\n","protected":false},"featured_media":2930,"comment_status":"open","ping_status":"closed","template":"","meta":[],"product_brand":[],"product_cat":[150,149],"product_tag":[194,190],"class_list":{"0":"post-1630","1":"product","2":"type-product","3":"status-publish","4":"has-post-thumbnail","6":"product_cat-beanbags-loptice","7":"product_cat-zongliranje","8":"product_tag-basic","9":"product_tag-beanbags","11":"first","12":"instock","13":"taxable","14":"shipping-taxable","15":"purchasable","16":"product-type-simple"},"_links":{"self":[{"href":"https:\/\/talenti.hr\/index.php?rest_route=\/wp\/v2\/product\/1630","targetHints":{"allow":["GET"]}}],"collection":[{"href":"https:\/\/talenti.hr\/index.php?rest_route=\/wp\/v2\/product"}],"about":[{"href":"https:\/\/talenti.hr\/index.php?rest_route=\/wp\/v2\/types\/product"}],"replies":[{"embeddable":true,"href":"https:\/\/talenti.hr\/index.php?rest_route=%2Fwp%2Fv2%2Fcomments&post=1630"}],"wp:featuredmedia":[{"embeddable":true,"href":"https:\/\/talenti.hr\/index.php?rest_route=\/wp\/v2\/media\/2930"}],"wp:attachment":[{"href":"https:\/\/talenti.hr\/index.php?rest_route=%2Fwp%2Fv2%2Fmedia&parent=1630"}],"wp:term":[{"taxonomy":"product_brand","embeddable":true,"href":"https:\/\/talenti.hr\/index.php?rest_route=%2Fwp%2Fv2%2Fproduct_brand&post=1630"},{"taxonomy":"product_cat","embeddable":true,"href":"https:\/\/talenti.hr\/index.php?rest_route=%2Fwp%2Fv2%2Fproduct_cat&post=1630"},{"taxonomy":"product_tag","embeddable":true,"href":"https:\/\/talenti.hr\/index.php?rest_route=%2Fwp%2Fv2%2Fproduct_tag&post=1630"}],"curies":[{"name":"wp","href":"https:\/\/api.w.org\/{rel}","templated":true}]}}