{"id":1654,"date":"2020-03-29T15:52:38","date_gmt":"2020-03-29T13:52:38","guid":{"rendered":"https:\/\/talenti.hr\/?post_type=product&#038;p=1654"},"modified":"2020-05-13T14:22:58","modified_gmt":"2020-05-13T12:22:58","slug":"frizbi-aerobie-pro-ring","status":"publish","type":"product","link":"https:\/\/talenti.hr\/?product=frizbi-aerobie-pro-ring","title":{"rendered":"Frizbi Aerobie Pro Ring"},"content":{"rendered":"<p>Frizbi Aerobie Pro Ring je frizbi koji je zapisan u Guinessovoj knjizi svjetskih rekorda, kao predmet, kojega\u00a0 je \u010dovjek najdalje bacio. Letio je nevjerovatnih 400 metara. Takav let mu omogu\u0107uje poseban profil, koji u toku leta stvara podtlak, isto kao \u0161to se doga\u0111a kod krila zrakoplova.<\/p>\n","protected":false},"excerpt":{"rendered":"<ul>\n<li>Promjer: 33 cm<\/li>\n<li>Boje: crvena,\u017euta,naran\u010dasta,ljubi\u010dasta<\/li>\n<li>Rok isporuke: 5-7 dana<\/li>\n<li>Proizvo\u0111a\u010d:<a ...  \n<br \/>\n","protected":false},"featured_media":1656,"comment_status":"open","ping_status":"closed","template":"","meta":[],"product_brand":[],"product_cat":[169,168],"product_tag":[316,321,325,326],"class_list":{"0":"post-1654","1":"product","2":"type-product","3":"status-publish","4":"has-post-thumbnail","6":"product_cat-frizbi-aerobie-sve-sto-leti","7":"product_cat-sport","8":"product_tag-aerobie","9":"product_tag-frizbi","10":"product_tag-pro","11":"product_tag-ring","13":"first","14":"instock","15":"taxable","16":"shipping-taxable","17":"purchasable","18":"product-type-simple"},"_links":{"self":[{"href":"https:\/\/talenti.hr\/index.php?rest_route=\/wp\/v2\/product\/1654","targetHints":{"allow":["GET"]}}],"collection":[{"href":"https:\/\/talenti.hr\/index.php?rest_route=\/wp\/v2\/product"}],"about":[{"href":"https:\/\/talenti.hr\/index.php?rest_route=\/wp\/v2\/types\/product"}],"replies":[{"embeddable":true,"href":"https:\/\/talenti.hr\/index.php?rest_route=%2Fwp%2Fv2%2Fcomments&post=1654"}],"wp:featuredmedia":[{"embeddable":true,"href":"https:\/\/talenti.hr\/index.php?rest_route=\/wp\/v2\/media\/1656"}],"wp:attachment":[{"href":"https:\/\/talenti.hr\/index.php?rest_route=%2Fwp%2Fv2%2Fmedia&parent=1654"}],"wp:term":[{"taxonomy":"product_brand","embeddable":true,"href":"https:\/\/talenti.hr\/index.php?rest_route=%2Fwp%2Fv2%2Fproduct_brand&post=1654"},{"taxonomy":"product_cat","embeddable":true,"href":"https:\/\/talenti.hr\/index.php?rest_route=%2Fwp%2Fv2%2Fproduct_cat&post=1654"},{"taxonomy":"product_tag","embeddable":true,"href":"https:\/\/talenti.hr\/index.php?rest_route=%2Fwp%2Fv2%2Fproduct_tag&post=1654"}],"curies":[{"name":"wp","href":"https:\/\/api.w.org\/{rel}","templated":true}]}}