{"id":1657,"date":"2020-03-29T15:55:07","date_gmt":"2020-03-29T13:55:07","guid":{"rendered":"https:\/\/talenti.hr\/?post_type=product&#038;p=1657"},"modified":"2020-05-13T14:15:35","modified_gmt":"2020-05-13T12:15:35","slug":"frizbi-aerobie-superdisc","status":"publish","type":"product","link":"https:\/\/talenti.hr\/?product=frizbi-aerobie-superdisc","title":{"rendered":"Frizbi Aerobie Superdisc"},"content":{"rendered":"<p>Frizbi Aerobie Superdisc je izuzetno precizan disk.Napravljen je od vrlo mekanih i laganih materijala pa omogu\u0107uje ugodan hvat,a za duga\u010dke letove zaslu\u017ean je profil koji stvara podtlak kao kod krila zrakoplova.<\/p>\n","protected":false},"excerpt":{"rendered":"<ul>\n<li>Promjer: 24 cm<\/li>\n<li>Boje: crvena,\u017euta,plava<\/li>\n<li>Proizvo\u0111a\u010d: <a href=\" <\/ul>\n<p> &#8230; <\/p>\n","protected":false},"featured_media":1659,"comment_status":"open","ping_status":"closed","template":"","meta":[],"product_brand":[],"product_cat":[169,168],"product_tag":[316,321,323],"class_list":{"0":"post-1657","1":"product","2":"type-product","3":"status-publish","4":"has-post-thumbnail","6":"product_cat-frizbi-aerobie-sve-sto-leti","7":"product_cat-sport","8":"product_tag-aerobie","9":"product_tag-frizbi","10":"product_tag-superdisc","12":"first","13":"instock","14":"taxable","15":"shipping-taxable","16":"purchasable","17":"product-type-simple"},"_links":{"self":[{"href":"https:\/\/talenti.hr\/index.php?rest_route=\/wp\/v2\/product\/1657","targetHints":{"allow":["GET"]}}],"collection":[{"href":"https:\/\/talenti.hr\/index.php?rest_route=\/wp\/v2\/product"}],"about":[{"href":"https:\/\/talenti.hr\/index.php?rest_route=\/wp\/v2\/types\/product"}],"replies":[{"embeddable":true,"href":"https:\/\/talenti.hr\/index.php?rest_route=%2Fwp%2Fv2%2Fcomments&post=1657"}],"wp:featuredmedia":[{"embeddable":true,"href":"https:\/\/talenti.hr\/index.php?rest_route=\/wp\/v2\/media\/1659"}],"wp:attachment":[{"href":"https:\/\/talenti.hr\/index.php?rest_route=%2Fwp%2Fv2%2Fmedia&parent=1657"}],"wp:term":[{"taxonomy":"product_brand","embeddable":true,"href":"https:\/\/talenti.hr\/index.php?rest_route=%2Fwp%2Fv2%2Fproduct_brand&post=1657"},{"taxonomy":"product_cat","embeddable":true,"href":"https:\/\/talenti.hr\/index.php?rest_route=%2Fwp%2Fv2%2Fproduct_cat&post=1657"},{"taxonomy":"product_tag","embeddable":true,"href":"https:\/\/talenti.hr\/index.php?rest_route=%2Fwp%2Fv2%2Fproduct_tag&post=1657"}],"curies":[{"name":"wp","href":"https:\/\/api.w.org\/{rel}","templated":true}]}}