{"id":1663,"date":"2020-03-29T16:00:40","date_gmt":"2020-03-29T14:00:40","guid":{"rendered":"https:\/\/talenti.hr\/?post_type=product&#038;p=1663"},"modified":"2020-05-13T14:21:37","modified_gmt":"2020-05-13T12:21:37","slug":"frizbi-aerobie-skylighter","status":"publish","type":"product","link":"https:\/\/talenti.hr\/?product=frizbi-aerobie-skylighter","title":{"rendered":"Frizbi Aerobie Skylighter"},"content":{"rendered":"<p>Frizbi Aerobie Skylighter ima mogu\u0107nosti leta kao Superdisc Ultra s jednim vrlo zanimljivim dodatkom a to su LED diode. Pri\u010dv\u0161\u0107ene su na donji dio diska pa omogu\u0107uju da se koristi i po mraku. Baterije su uklju\u010dene u cijenu.<\/p>\n","protected":false},"excerpt":{"rendered":"<ul>\n<li>Te\u017eina: 175 g<\/li>\n<li>Promjer: 30 cm<\/li>\n<li>Boje: plava,zelena<\/li>\n<li>Rok isporuke: &#8230;<br \/>\n","protected":false},"featured_media":1665,"comment_status":"open","ping_status":"closed","template":"","meta":[],"product_brand":[],"product_cat":[169,168],"product_tag":[316,321,322],"class_list":{"0":"post-1663","1":"product","2":"type-product","3":"status-publish","4":"has-post-thumbnail","6":"product_cat-frizbi-aerobie-sve-sto-leti","7":"product_cat-sport","8":"product_tag-aerobie","9":"product_tag-frizbi","10":"product_tag-skylighter","12":"first","13":"instock","14":"taxable","15":"shipping-taxable","16":"purchasable","17":"product-type-simple"},"_links":{"self":[{"href":"https:\/\/talenti.hr\/index.php?rest_route=\/wp\/v2\/product\/1663","targetHints":{"allow":["GET"]}}],"collection":[{"href":"https:\/\/talenti.hr\/index.php?rest_route=\/wp\/v2\/product"}],"about":[{"href":"https:\/\/talenti.hr\/index.php?rest_route=\/wp\/v2\/types\/product"}],"replies":[{"embeddable":true,"href":"https:\/\/talenti.hr\/index.php?rest_route=%2Fwp%2Fv2%2Fcomments&post=1663"}],"wp:featuredmedia":[{"embeddable":true,"href":"https:\/\/talenti.hr\/index.php?rest_route=\/wp\/v2\/media\/1665"}],"wp:attachment":[{"href":"https:\/\/talenti.hr\/index.php?rest_route=%2Fwp%2Fv2%2Fmedia&parent=1663"}],"wp:term":[{"taxonomy":"product_brand","embeddable":true,"href":"https:\/\/talenti.hr\/index.php?rest_route=%2Fwp%2Fv2%2Fproduct_brand&post=1663"},{"taxonomy":"product_cat","embeddable":true,"href":"https:\/\/talenti.hr\/index.php?rest_route=%2Fwp%2Fv2%2Fproduct_cat&post=1663"},{"taxonomy":"product_tag","embeddable":true,"href":"https:\/\/talenti.hr\/index.php?rest_route=%2Fwp%2Fv2%2Fproduct_tag&post=1663"}],"curies":[{"name":"wp","href":"https:\/\/api.w.org\/{rel}","templated":true}]}}