{"id":1687,"date":"2020-03-29T16:18:39","date_gmt":"2020-03-29T14:18:39","guid":{"rendered":"https:\/\/talenti.hr\/?post_type=product&#038;p=1687"},"modified":"2020-04-26T18:56:49","modified_gmt":"2020-04-26T16:56:49","slug":"zmaj-trigger-rainbow","status":"publish","type":"product","link":"https:\/\/talenti.hr\/?product=zmaj-trigger-rainbow","title":{"rendered":"Zmaj Trigger Rainbow"},"content":{"rendered":"<div id=\"product_description\" class=\"ui-tabs-panel ui-widget-content ui-corner-bottom\">\n<p>Atraktivan akrobatski zmaj s velikom povr\u0161inom \u0161to mu omogu\u0107uje stabilan let i pri ja\u010dem vjetru.Koristi se kod srednje jakih vjetrova.Njegova konstrukcija je od fiberglas vlakana promjera 6 mm,a platno je od materijala kao\u00a0za jedra.<\/p>\n<p>Upozorenje:Artikal nije za djecu do 3 godine starosti.Maleni dijelovi su opasni,jer ih mogu udahnuti ili progutati.Prije upotrebe odstranite ambala\u017eu,a ove informacije spremite za kasniju upotrebu.<\/p>\n<\/div>\n<p>&nbsp;<\/p>\n","protected":false},"excerpt":{"rendered":"<ul>\n<li>Dimenzije: 175 x 90 cm<\/li>\n<li>Materijal: Ripstop-poliester ( kao za &#8230;<br \/>\n","protected":false},"featured_media":1689,"comment_status":"open","ping_status":"closed","template":"","meta":[],"product_brand":[],"product_cat":[173,168],"product_tag":[358,357,242],"class_list":{"0":"post-1687","1":"product","2":"type-product","3":"status-publish","4":"has-post-thumbnail","6":"product_cat-akrobatski-zmajevi","7":"product_cat-sport","8":"product_tag-rainbow","9":"product_tag-trigger","10":"product_tag-zmaj","12":"first","13":"instock","14":"taxable","15":"shipping-taxable","16":"purchasable","17":"product-type-simple"},"_links":{"self":[{"href":"https:\/\/talenti.hr\/index.php?rest_route=\/wp\/v2\/product\/1687","targetHints":{"allow":["GET"]}}],"collection":[{"href":"https:\/\/talenti.hr\/index.php?rest_route=\/wp\/v2\/product"}],"about":[{"href":"https:\/\/talenti.hr\/index.php?rest_route=\/wp\/v2\/types\/product"}],"replies":[{"embeddable":true,"href":"https:\/\/talenti.hr\/index.php?rest_route=%2Fwp%2Fv2%2Fcomments&post=1687"}],"wp:featuredmedia":[{"embeddable":true,"href":"https:\/\/talenti.hr\/index.php?rest_route=\/wp\/v2\/media\/1689"}],"wp:attachment":[{"href":"https:\/\/talenti.hr\/index.php?rest_route=%2Fwp%2Fv2%2Fmedia&parent=1687"}],"wp:term":[{"taxonomy":"product_brand","embeddable":true,"href":"https:\/\/talenti.hr\/index.php?rest_route=%2Fwp%2Fv2%2Fproduct_brand&post=1687"},{"taxonomy":"product_cat","embeddable":true,"href":"https:\/\/talenti.hr\/index.php?rest_route=%2Fwp%2Fv2%2Fproduct_cat&post=1687"},{"taxonomy":"product_tag","embeddable":true,"href":"https:\/\/talenti.hr\/index.php?rest_route=%2Fwp%2Fv2%2Fproduct_tag&post=1687"}],"curies":[{"name":"wp","href":"https:\/\/api.w.org\/{rel}","templated":true}]}}