{"id":1693,"date":"2020-03-29T16:23:20","date_gmt":"2020-03-29T14:23:20","guid":{"rendered":"https:\/\/talenti.hr\/?post_type=product&#038;p=1693"},"modified":"2020-08-05T15:45:25","modified_gmt":"2020-08-05T13:45:25","slug":"baloni-za-oblikovanje-figura-sempertex-metalik-100-komada","status":"publish","type":"product","link":"https:\/\/talenti.hr\/?product=baloni-za-oblikovanje-figura-sempertex-metalik-100-komada","title":{"rendered":"Baloni za oblikovanje figura Sempertex Metalik"},"content":{"rendered":"<p>Baloni za oblikovanje figura Sempertex Metalik su metalne boje i jedni su od najboljih na tr\u017ei\u0161tu pa ih koriste i profesionalni animatori.Kod niskih zimskih temperatura savjetujemo da prije napuhivanja balon dobro rastegnemo kako bi dobio na elasti\u010dnosti i izdr\u017eljivosti i za najzahtjevnije figure.<\/p>\n<p>Upozorenje:baloni kao igra\u010dka nisu primjereni za djecu mla\u0111u od 8 godina,jer maleni dijelovi mogu uzrokovati gu\u0161enje ( najopasniji su nenapuhani i puknuti baloni ).Potreban je nadzor odraslih, nenapuhane balone maknuti van dohvata djece a o\u0161te\u0107ene baciti u sme\u0107e.<\/p>\n<p>Kada napuhujete balone pazite na o\u010di i u\u0161i,obavezno koristite pumpu.Ovi baloni ne one\u010di\u0161\u0107uju okoli\u0161 i 100% su biorazgradljivi.Mogu se napuhivati zrakom ili helijem.Napravljeni su od prirodnog lateksa koji mo\u017ee izazvati alergijske reakcije kod osoba alergi\u010dnih na taj materijal.Savjetujemo da po\u0161tujete ove upute.<\/p>\n","protected":false},"excerpt":{"rendered":"<ul>\n<li>Vre\u0107ice sa 100 komada<\/li>\n<li>Rok isporuke: 5-7 dana<\/li>\n<li>Proizvo\u0111a\u010d: Sempertex<\/li>\n<p> &#8230; <\/p>\n","protected":false},"featured_media":1695,"comment_status":"open","ping_status":"closed","template":"","meta":[],"product_brand":[],"product_cat":[181,180],"product_tag":[449,455,451,452],"class_list":{"0":"post-1693","1":"product","2":"type-product","3":"status-publish","4":"has-post-thumbnail","6":"product_cat-baloni-za-oblikovanje-figura","7":"product_cat-razno","8":"product_tag-baloni","9":"product_tag-metalik","10":"product_tag-oblikovanje","11":"product_tag-sempertex","13":"first","14":"instock","15":"taxable","16":"shipping-taxable","17":"purchasable","18":"product-type-simple"},"_links":{"self":[{"href":"https:\/\/talenti.hr\/index.php?rest_route=\/wp\/v2\/product\/1693","targetHints":{"allow":["GET"]}}],"collection":[{"href":"https:\/\/talenti.hr\/index.php?rest_route=\/wp\/v2\/product"}],"about":[{"href":"https:\/\/talenti.hr\/index.php?rest_route=\/wp\/v2\/types\/product"}],"replies":[{"embeddable":true,"href":"https:\/\/talenti.hr\/index.php?rest_route=%2Fwp%2Fv2%2Fcomments&post=1693"}],"wp:featuredmedia":[{"embeddable":true,"href":"https:\/\/talenti.hr\/index.php?rest_route=\/wp\/v2\/media\/1695"}],"wp:attachment":[{"href":"https:\/\/talenti.hr\/index.php?rest_route=%2Fwp%2Fv2%2Fmedia&parent=1693"}],"wp:term":[{"taxonomy":"product_brand","embeddable":true,"href":"https:\/\/talenti.hr\/index.php?rest_route=%2Fwp%2Fv2%2Fproduct_brand&post=1693"},{"taxonomy":"product_cat","embeddable":true,"href":"https:\/\/talenti.hr\/index.php?rest_route=%2Fwp%2Fv2%2Fproduct_cat&post=1693"},{"taxonomy":"product_tag","embeddable":true,"href":"https:\/\/talenti.hr\/index.php?rest_route=%2Fwp%2Fv2%2Fproduct_tag&post=1693"}],"curies":[{"name":"wp","href":"https:\/\/api.w.org\/{rel}","templated":true}]}}