{"id":1696,"date":"2020-03-29T16:25:32","date_gmt":"2020-03-29T14:25:32","guid":{"rendered":"https:\/\/talenti.hr\/?post_type=product&#038;p=1696"},"modified":"2020-08-05T16:00:44","modified_gmt":"2020-08-05T14:00:44","slug":"baloni-za-oblikovanje-figura-sempertex-pastel-100-komada","status":"publish","type":"product","link":"https:\/\/talenti.hr\/?product=baloni-za-oblikovanje-figura-sempertex-pastel-100-komada","title":{"rendered":"Baloni za oblikovanje figura Sempertex Pastel"},"content":{"rendered":"<p>Baloni za oblikovanje figura Sempertex Pastel su pastelnih boja. To su najbolji baloni za oblikovanje figura na tr\u017ei\u0161tu, koriste ih i profesionalni animatori.Kod niskih zimskih tempetratura bolje je da ih prethodno rastegnemo.Tako \u0107e biti elasti\u010dniji i izdr\u017eljiviji.Baloni su 100% razgradljivi i ne one\u010di\u0161\u0107uju okoli\u0161.Mogu se napuhati zrakom ili helijem.Napravljeni su od prirodnog lateksa koji mo\u017ee izazvati alergijske reakcije kod osoba alergi\u010dnih na taj materijal.Zato vam savjetujemo da po\u0161tujete sve prilo\u017eene upute.<\/p>\n<p>Upozorenje: Baloni kao igra\u010dka nisu primjereni za djecu mla\u0111u od 8 godina.Mali dijelovi mogu biti opasni za gu\u0161enje,a mla\u0111a djeca se mogu ugu\u0161iti i s nenapuhanim ili probu\u0161enim balonima.Zato je potreban nadzor odraslih,a nenapuhane balone spremite van dohvata djece.O\u0161te\u0107ene i probu\u0161ene balone odmah bacite u sme\u0107e.Kada napuhujete balone pazite na o\u010di i u\u0161i,a iz zdravstvenih razloga bolje ih je ne napuhivati ustima.Zato uvijek koristite pumpu za balone.<\/p>\n","protected":false},"excerpt":{"rendered":"<ul>\n<li>Vre\u0107ice sa 100 komada<\/li>\n<li>Rok isporuke: 5-7 dana<\/li>\n<li style=\"text-align: ...  \n\n","protected":false},"featured_media":1698,"comment_status":"open","ping_status":"closed","template":"","meta":[],"product_brand":[],"product_cat":[181,180],"product_tag":[449,450,451,454,452],"class_list":{"0":"post-1696","1":"product","2":"type-product","3":"status-publish","4":"has-post-thumbnail","6":"product_cat-baloni-za-oblikovanje-figura","7":"product_cat-razno","8":"product_tag-baloni","9":"product_tag-figure","10":"product_tag-oblikovanje","11":"product_tag-pastel","12":"product_tag-sempertex","14":"first","15":"instock","16":"taxable","17":"shipping-taxable","18":"purchasable","19":"product-type-simple"},"_links":{"self":[{"href":"https:\/\/talenti.hr\/index.php?rest_route=\/wp\/v2\/product\/1696","targetHints":{"allow":["GET"]}}],"collection":[{"href":"https:\/\/talenti.hr\/index.php?rest_route=\/wp\/v2\/product"}],"about":[{"href":"https:\/\/talenti.hr\/index.php?rest_route=\/wp\/v2\/types\/product"}],"replies":[{"embeddable":true,"href":"https:\/\/talenti.hr\/index.php?rest_route=%2Fwp%2Fv2%2Fcomments&post=1696"}],"wp:featuredmedia":[{"embeddable":true,"href":"https:\/\/talenti.hr\/index.php?rest_route=\/wp\/v2\/media\/1698"}],"wp:attachment":[{"href":"https:\/\/talenti.hr\/index.php?rest_route=%2Fwp%2Fv2%2Fmedia&parent=1696"}],"wp:term":[{"taxonomy":"product_brand","embeddable":true,"href":"https:\/\/talenti.hr\/index.php?rest_route=%2Fwp%2Fv2%2Fproduct_brand&post=1696"},{"taxonomy":"product_cat","embeddable":true,"href":"https:\/\/talenti.hr\/index.php?rest_route=%2Fwp%2Fv2%2Fproduct_cat&post=1696"},{"taxonomy":"product_tag","embeddable":true,"href":"https:\/\/talenti.hr\/index.php?rest_route=%2Fwp%2Fv2%2Fproduct_tag&post=1696"}],"curies":[{"name":"wp","href":"https:\/\/api.w.org\/{rel}","templated":true}]}}