{"id":1726,"date":"2020-03-29T16:48:12","date_gmt":"2020-03-29T14:48:12","guid":{"rendered":"https:\/\/talenti.hr\/?post_type=product&#038;p=1726"},"modified":"2025-07-14T13:22:44","modified_gmt":"2025-07-14T11:22:44","slug":"boje-za-lice-i-tijelo-aqua-color-express-12x4g","status":"publish","type":"product","link":"https:\/\/talenti.hr\/?product=boje-za-lice-i-tijelo-aqua-color-express-12x4g","title":{"rendered":"Boje za lice i tijelo Fantasy Aqua Express 12x4g"},"content":{"rendered":"<p>Boje za lice i tijelo Fantasy Aqua Express 12&#215;4 g su komplet koji sadr\u017ei 12 malih boja od po 4 grama.<\/p>\n<p>Prilo\u017eena su i 2 mala kisti\u0107a za nano\u0161enje.<\/p>\n<p>Upozorenje: paziti da ne do\u0111u u kontakt sa sluznicom (o\u010di, nos, usta), a u slu\u010daju kontakta dobro isprati vodom.<\/p>\n","protected":false},"excerpt":{"rendered":"<ul>\n<li>Boje:srebrna,zlatna,siva,sme\u0111a,ljubi\u010dasta,roza,crna,plava,zelena,crvena,\u017euta,bijela<\/li>\n<li>Vrijeme dostave: 3 do 7 dana<\/li>\n<li>Proizvo\u0111a\u010d: Fantasy<\/li>\n<\/ul>\n<p> &#8230; <\/p>\n","protected":false},"featured_media":3515,"comment_status":"open","ping_status":"closed","template":"","meta":[],"product_brand":[],"product_cat":[184,180],"product_tag":[368,472,484,485,774,473,474,742],"class_list":{"0":"post-1726","1":"product","2":"type-product","3":"status-publish","4":"has-post-thumbnail","6":"product_cat-boje-za-oslikavanje-lica-tijela-i-kose","7":"product_cat-razno","8":"product_tag-aqua","9":"product_tag-boje","10":"product_tag-express","11":"product_tag-fantasy","12":"product_tag-i","13":"product_tag-lice","14":"product_tag-tijelo","15":"product_tag-za","17":"first","18":"instock","19":"taxable","20":"shipping-taxable","21":"purchasable","22":"product-type-simple"},"_links":{"self":[{"href":"https:\/\/talenti.hr\/index.php?rest_route=\/wp\/v2\/product\/1726","targetHints":{"allow":["GET"]}}],"collection":[{"href":"https:\/\/talenti.hr\/index.php?rest_route=\/wp\/v2\/product"}],"about":[{"href":"https:\/\/talenti.hr\/index.php?rest_route=\/wp\/v2\/types\/product"}],"replies":[{"embeddable":true,"href":"https:\/\/talenti.hr\/index.php?rest_route=%2Fwp%2Fv2%2Fcomments&post=1726"}],"wp:featuredmedia":[{"embeddable":true,"href":"https:\/\/talenti.hr\/index.php?rest_route=\/wp\/v2\/media\/3515"}],"wp:attachment":[{"href":"https:\/\/talenti.hr\/index.php?rest_route=%2Fwp%2Fv2%2Fmedia&parent=1726"}],"wp:term":[{"taxonomy":"product_brand","embeddable":true,"href":"https:\/\/talenti.hr\/index.php?rest_route=%2Fwp%2Fv2%2Fproduct_brand&post=1726"},{"taxonomy":"product_cat","embeddable":true,"href":"https:\/\/talenti.hr\/index.php?rest_route=%2Fwp%2Fv2%2Fproduct_cat&post=1726"},{"taxonomy":"product_tag","embeddable":true,"href":"https:\/\/talenti.hr\/index.php?rest_route=%2Fwp%2Fv2%2Fproduct_tag&post=1726"}],"curies":[{"name":"wp","href":"https:\/\/api.w.org\/{rel}","templated":true}]}}