{"id":1729,"date":"2020-03-29T16:51:32","date_gmt":"2020-03-29T14:51:32","guid":{"rendered":"https:\/\/talenti.hr\/?post_type=product&#038;p=1729"},"modified":"2020-05-03T18:59:25","modified_gmt":"2020-05-03T16:59:25","slug":"sredstvo-za-fiksiranje-boje","status":"publish","type":"product","link":"https:\/\/talenti.hr\/?product=sredstvo-za-fiksiranje-boje","title":{"rendered":"Fiksirno sredstvo Fantasy Make Up"},"content":{"rendered":"<p>Sredstvo za fiksiranje boje se koristi u kombinaciji s bojama za kazali\u0161te.Nanesemo ga nakon \u0161to se boja na ko\u017ei osu\u0161i( pribli\u017eno nakon 1 minute ) i tako omogu\u0107imo da se odr\u017ei i kod znojenja tijela.<\/p>\n<p>Upozorenje;paziti da ne do\u0111e u kontakt sa sluznicom ( o\u010di.nos,usta ), a u slu\u010daju kontakta dobro isprati vodom.<\/p>\n","protected":false},"excerpt":{"rendered":"<ul>\n<li>Koli\u010dina. 24 g<\/li>\n<li>Rok isporuke: 5-7 dana<\/li>\n<li>Proizvo\u0111a\u010d: Fantasy<\/li>\n<\/ul>\n<p> &#8230; <\/p>\n","protected":false},"featured_media":1731,"comment_status":"open","ping_status":"closed","template":"","meta":[],"product_brand":[],"product_cat":[184,180],"product_tag":[485,495,486,496],"class_list":{"0":"post-1729","1":"product","2":"type-product","3":"status-publish","4":"has-post-thumbnail","6":"product_cat-boje-za-oslikavanje-lica-tijela-i-kose","7":"product_cat-razno","8":"product_tag-fantasy","9":"product_tag-fiksirno","10":"product_tag-make-up","11":"product_tag-sredstvo","13":"first","14":"instock","15":"taxable","16":"shipping-taxable","17":"purchasable","18":"product-type-simple"},"_links":{"self":[{"href":"https:\/\/talenti.hr\/index.php?rest_route=\/wp\/v2\/product\/1729","targetHints":{"allow":["GET"]}}],"collection":[{"href":"https:\/\/talenti.hr\/index.php?rest_route=\/wp\/v2\/product"}],"about":[{"href":"https:\/\/talenti.hr\/index.php?rest_route=\/wp\/v2\/types\/product"}],"replies":[{"embeddable":true,"href":"https:\/\/talenti.hr\/index.php?rest_route=%2Fwp%2Fv2%2Fcomments&post=1729"}],"wp:featuredmedia":[{"embeddable":true,"href":"https:\/\/talenti.hr\/index.php?rest_route=\/wp\/v2\/media\/1731"}],"wp:attachment":[{"href":"https:\/\/talenti.hr\/index.php?rest_route=%2Fwp%2Fv2%2Fmedia&parent=1729"}],"wp:term":[{"taxonomy":"product_brand","embeddable":true,"href":"https:\/\/talenti.hr\/index.php?rest_route=%2Fwp%2Fv2%2Fproduct_brand&post=1729"},{"taxonomy":"product_cat","embeddable":true,"href":"https:\/\/talenti.hr\/index.php?rest_route=%2Fwp%2Fv2%2Fproduct_cat&post=1729"},{"taxonomy":"product_tag","embeddable":true,"href":"https:\/\/talenti.hr\/index.php?rest_route=%2Fwp%2Fv2%2Fproduct_tag&post=1729"}],"curies":[{"name":"wp","href":"https:\/\/api.w.org\/{rel}","templated":true}]}}