{"id":1738,"date":"2020-03-29T16:58:41","date_gmt":"2020-03-29T14:58:41","guid":{"rendered":"https:\/\/talenti.hr\/?post_type=product&#038;p=1738"},"modified":"2020-05-03T18:53:51","modified_gmt":"2020-05-03T16:53:51","slug":"umjetna-krv-15ml","status":"publish","type":"product","link":"https:\/\/talenti.hr\/?product=umjetna-krv-15ml","title":{"rendered":"Umjetna krv Fantasy Make Up"},"content":{"rendered":"<p><span style=\"float: none;background-color: #ffffff;color: #333333;font-family: 'Lucida Sans Unicode','Lucida Grande',Arial,Helvetica,sans-serif;font-size: 13px;font-style: normal;font-variant: normal;font-weight: 400;letter-spacing: normal;line-height: 18px;text-align: left;text-decoration: none;text-indent: 0px;text-transform: none\">Umjetna krv je poseban proizvod koji se koristi u kazali\u0161tu ili za stra\u0161ne maske.Na ko\u017eu je nanesemo pomo\u0107u kisti\u0107a,a odstranimo jednostavno s vodom i sapunom.<\/span><\/p>\n","protected":false},"excerpt":{"rendered":"<ul>\n<li>koli\u010dina: 15 ml<\/li>\n<li>Rok isporuke: 5-7 dana<\/li>\n<li>Proizvo\u0111a\u010d: Fantasy<\/li>\n<\/ul>\n<p> &#8230; <\/p>\n","protected":false},"featured_media":1740,"comment_status":"open","ping_status":"closed","template":"","meta":[],"product_brand":[],"product_cat":[184,180],"product_tag":[485,494,486,493],"class_list":{"0":"post-1738","1":"product","2":"type-product","3":"status-publish","4":"has-post-thumbnail","6":"product_cat-boje-za-oslikavanje-lica-tijela-i-kose","7":"product_cat-razno","8":"product_tag-fantasy","9":"product_tag-krv","10":"product_tag-make-up","11":"product_tag-umjetna","13":"first","14":"instock","15":"taxable","16":"shipping-taxable","17":"purchasable","18":"product-type-simple"},"_links":{"self":[{"href":"https:\/\/talenti.hr\/index.php?rest_route=\/wp\/v2\/product\/1738","targetHints":{"allow":["GET"]}}],"collection":[{"href":"https:\/\/talenti.hr\/index.php?rest_route=\/wp\/v2\/product"}],"about":[{"href":"https:\/\/talenti.hr\/index.php?rest_route=\/wp\/v2\/types\/product"}],"replies":[{"embeddable":true,"href":"https:\/\/talenti.hr\/index.php?rest_route=%2Fwp%2Fv2%2Fcomments&post=1738"}],"wp:featuredmedia":[{"embeddable":true,"href":"https:\/\/talenti.hr\/index.php?rest_route=\/wp\/v2\/media\/1740"}],"wp:attachment":[{"href":"https:\/\/talenti.hr\/index.php?rest_route=%2Fwp%2Fv2%2Fmedia&parent=1738"}],"wp:term":[{"taxonomy":"product_brand","embeddable":true,"href":"https:\/\/talenti.hr\/index.php?rest_route=%2Fwp%2Fv2%2Fproduct_brand&post=1738"},{"taxonomy":"product_cat","embeddable":true,"href":"https:\/\/talenti.hr\/index.php?rest_route=%2Fwp%2Fv2%2Fproduct_cat&post=1738"},{"taxonomy":"product_tag","embeddable":true,"href":"https:\/\/talenti.hr\/index.php?rest_route=%2Fwp%2Fv2%2Fproduct_tag&post=1738"}],"curies":[{"name":"wp","href":"https:\/\/api.w.org\/{rel}","templated":true}]}}