{"id":1744,"date":"2020-03-29T17:03:14","date_gmt":"2020-03-29T15:03:14","guid":{"rendered":"https:\/\/talenti.hr\/?post_type=product&#038;p=1744"},"modified":"2020-05-03T18:50:53","modified_gmt":"2020-05-03T16:50:53","slug":"kozmeticko-ljepilo","status":"publish","type":"product","link":"https:\/\/talenti.hr\/?product=kozmeticko-ljepilo","title":{"rendered":"Kozmeti\u010dko ljepilo Fantasy Make Up"},"content":{"rendered":"<p>Kozmeti\u010dko ljepilo upotrebljavamo kada \u017eelimo napraviti ve\u0107u masku, kao \u0161to je naprimjer produ\u017eeni nos ili ve\u0107a rana.<\/p>\n<p>Primjereno je za ljepljenje umjetnih nokata,brade i brkova.Kada nanesemo ljepilo na \u017eeljenu povr\u0161inu najprije ga pustimo da se posu\u0161i i postane ljepljivo,a zatim na to mjesto namjestimo predmet koji \u017eelimo pri\u010dvrstiti.Ne nanositi ga oko o\u010diju.<\/p>\n","protected":false},"excerpt":{"rendered":"<ul>\n<li>Koli\u010dina: 7 ml<\/li>\n<li>Rok isporuke: 5-7 dana<\/li>\n<li>Proizvo\u0111a\u010d: Fantasy<\/li>\n<\/ul>\n<p> &#8230; <\/p>\n","protected":false},"featured_media":1746,"comment_status":"open","ping_status":"closed","template":"","meta":[],"product_brand":[],"product_cat":[184,180],"product_tag":[485,489,490,486],"class_list":{"0":"post-1744","1":"product","2":"type-product","3":"status-publish","4":"has-post-thumbnail","6":"product_cat-boje-za-oslikavanje-lica-tijela-i-kose","7":"product_cat-razno","8":"product_tag-fantasy","9":"product_tag-kozmeticko","10":"product_tag-ljepilo","11":"product_tag-make-up","13":"first","14":"instock","15":"taxable","16":"shipping-taxable","17":"purchasable","18":"product-type-simple"},"_links":{"self":[{"href":"https:\/\/talenti.hr\/index.php?rest_route=\/wp\/v2\/product\/1744","targetHints":{"allow":["GET"]}}],"collection":[{"href":"https:\/\/talenti.hr\/index.php?rest_route=\/wp\/v2\/product"}],"about":[{"href":"https:\/\/talenti.hr\/index.php?rest_route=\/wp\/v2\/types\/product"}],"replies":[{"embeddable":true,"href":"https:\/\/talenti.hr\/index.php?rest_route=%2Fwp%2Fv2%2Fcomments&post=1744"}],"wp:featuredmedia":[{"embeddable":true,"href":"https:\/\/talenti.hr\/index.php?rest_route=\/wp\/v2\/media\/1746"}],"wp:attachment":[{"href":"https:\/\/talenti.hr\/index.php?rest_route=%2Fwp%2Fv2%2Fmedia&parent=1744"}],"wp:term":[{"taxonomy":"product_brand","embeddable":true,"href":"https:\/\/talenti.hr\/index.php?rest_route=%2Fwp%2Fv2%2Fproduct_brand&post=1744"},{"taxonomy":"product_cat","embeddable":true,"href":"https:\/\/talenti.hr\/index.php?rest_route=%2Fwp%2Fv2%2Fproduct_cat&post=1744"},{"taxonomy":"product_tag","embeddable":true,"href":"https:\/\/talenti.hr\/index.php?rest_route=%2Fwp%2Fv2%2Fproduct_tag&post=1744"}],"curies":[{"name":"wp","href":"https:\/\/api.w.org\/{rel}","templated":true}]}}