{"id":1747,"date":"2020-03-29T17:04:35","date_gmt":"2020-03-29T15:04:35","guid":{"rendered":"https:\/\/talenti.hr\/?post_type=product&#038;p=1747"},"modified":"2020-05-03T18:49:32","modified_gmt":"2020-05-03T16:49:32","slug":"vosak-za-oblikovanje","status":"publish","type":"product","link":"https:\/\/talenti.hr\/?product=vosak-za-oblikovanje","title":{"rendered":"Vosak za oblikovanje Fantasy Make Up"},"content":{"rendered":"<p>S modelirnim voskom mo\u017eemo izraditi dugi nos,produ\u017eiti bradu,pove\u0107ati u\u0161i&#8230;..Prije nano\u0161enja na ko\u017eu ne smijemo nanositi kremu ili sli\u010dne masne proizvode,jer se vosak ne\u0107e zadr\u017eati.Kod odstranjivanja ve\u0107e dijelove odstranite s vru\u0107om vodom,a ostatke s acetonom.<br \/>\nAko \u017eelite oblikovati ve\u0107u masku,kao \u0161to je npr.jako duga\u010dak nos ili ve\u0107a rana upotrijebite kozmeti\u010dko ljepilo da se vosak bolje pri\u010dvrsti.<\/p>\n","protected":false},"excerpt":{"rendered":"<ul>\n<li>Te\u017eina: 24 g<\/li>\n<li>Rok isporuke: 5-7 dana<\/li>\n<li>Proizvo\u0111a\u010d: Fantasy<\/li>\n<\/ul>\n<p> &#8230; <\/p>\n","protected":false},"featured_media":2305,"comment_status":"open","ping_status":"closed","template":"","meta":[],"product_brand":[],"product_cat":[184,180],"product_tag":[485,486,451,488],"class_list":{"0":"post-1747","1":"product","2":"type-product","3":"status-publish","4":"has-post-thumbnail","6":"product_cat-boje-za-oslikavanje-lica-tijela-i-kose","7":"product_cat-razno","8":"product_tag-fantasy","9":"product_tag-make-up","10":"product_tag-oblikovanje","11":"product_tag-vosak","13":"first","14":"instock","15":"taxable","16":"shipping-taxable","17":"purchasable","18":"product-type-simple"},"_links":{"self":[{"href":"https:\/\/talenti.hr\/index.php?rest_route=\/wp\/v2\/product\/1747","targetHints":{"allow":["GET"]}}],"collection":[{"href":"https:\/\/talenti.hr\/index.php?rest_route=\/wp\/v2\/product"}],"about":[{"href":"https:\/\/talenti.hr\/index.php?rest_route=\/wp\/v2\/types\/product"}],"replies":[{"embeddable":true,"href":"https:\/\/talenti.hr\/index.php?rest_route=%2Fwp%2Fv2%2Fcomments&post=1747"}],"wp:featuredmedia":[{"embeddable":true,"href":"https:\/\/talenti.hr\/index.php?rest_route=\/wp\/v2\/media\/2305"}],"wp:attachment":[{"href":"https:\/\/talenti.hr\/index.php?rest_route=%2Fwp%2Fv2%2Fmedia&parent=1747"}],"wp:term":[{"taxonomy":"product_brand","embeddable":true,"href":"https:\/\/talenti.hr\/index.php?rest_route=%2Fwp%2Fv2%2Fproduct_brand&post=1747"},{"taxonomy":"product_cat","embeddable":true,"href":"https:\/\/talenti.hr\/index.php?rest_route=%2Fwp%2Fv2%2Fproduct_cat&post=1747"},{"taxonomy":"product_tag","embeddable":true,"href":"https:\/\/talenti.hr\/index.php?rest_route=%2Fwp%2Fv2%2Fproduct_tag&post=1747"}],"curies":[{"name":"wp","href":"https:\/\/api.w.org\/{rel}","templated":true}]}}