{"id":1749,"date":"2020-03-29T17:06:19","date_gmt":"2020-03-29T15:06:19","guid":{"rendered":"https:\/\/talenti.hr\/?post_type=product&#038;p=1749"},"modified":"2020-05-03T18:48:16","modified_gmt":"2020-05-03T16:48:16","slug":"kistovi-za-boje-set-od-3","status":"publish","type":"product","link":"https:\/\/talenti.hr\/?product=kistovi-za-boje-set-od-3","title":{"rendered":"Mini kistovi za boje Fantasy Make Up"},"content":{"rendered":"<p><span style=\"float: none;background-color: #ffffff;color: #333333;font-family: 'Lucida Sans Unicode','Lucida Grande',Arial,Helvetica,sans-serif;font-size: 13px;font-style: normal;font-variant: normal;font-weight: 400;letter-spacing: normal;line-height: 18px;text-align: left;text-decoration: none;text-indent: 0px;text-transform: none\">Set sadr\u017ei 3 mini kisti\u0107a razli\u010ditih \u0161irina od najtanjeg za precizno nano\u0161enje boje do naj\u0161irega za ve\u0107e detalje.Za nano\u0161enje ve\u0107ih povr\u0161ina boje preporu\u010dujemo set spu\u017evica.<\/span><\/p>\n","protected":false},"excerpt":{"rendered":"<ul>\n<li>Rok isporuke: 5-7 dana<\/li>\n<li>Proizvo\u0111a\u010d: Fantasy<\/li>\n<\/ul>\n<p> &#8230; <\/p>\n","protected":false},"featured_media":3532,"comment_status":"open","ping_status":"closed","template":"","meta":[],"product_brand":[],"product_cat":[184,180],"product_tag":[472,485,487,486,401],"class_list":{"0":"post-1749","1":"product","2":"type-product","3":"status-publish","4":"has-post-thumbnail","6":"product_cat-boje-za-oslikavanje-lica-tijela-i-kose","7":"product_cat-razno","8":"product_tag-boje","9":"product_tag-fantasy","10":"product_tag-kistovi","11":"product_tag-make-up","12":"product_tag-mini","14":"first","15":"instock","16":"taxable","17":"shipping-taxable","18":"purchasable","19":"product-type-simple"},"_links":{"self":[{"href":"https:\/\/talenti.hr\/index.php?rest_route=\/wp\/v2\/product\/1749","targetHints":{"allow":["GET"]}}],"collection":[{"href":"https:\/\/talenti.hr\/index.php?rest_route=\/wp\/v2\/product"}],"about":[{"href":"https:\/\/talenti.hr\/index.php?rest_route=\/wp\/v2\/types\/product"}],"replies":[{"embeddable":true,"href":"https:\/\/talenti.hr\/index.php?rest_route=%2Fwp%2Fv2%2Fcomments&post=1749"}],"wp:featuredmedia":[{"embeddable":true,"href":"https:\/\/talenti.hr\/index.php?rest_route=\/wp\/v2\/media\/3532"}],"wp:attachment":[{"href":"https:\/\/talenti.hr\/index.php?rest_route=%2Fwp%2Fv2%2Fmedia&parent=1749"}],"wp:term":[{"taxonomy":"product_brand","embeddable":true,"href":"https:\/\/talenti.hr\/index.php?rest_route=%2Fwp%2Fv2%2Fproduct_brand&post=1749"},{"taxonomy":"product_cat","embeddable":true,"href":"https:\/\/talenti.hr\/index.php?rest_route=%2Fwp%2Fv2%2Fproduct_cat&post=1749"},{"taxonomy":"product_tag","embeddable":true,"href":"https:\/\/talenti.hr\/index.php?rest_route=%2Fwp%2Fv2%2Fproduct_tag&post=1749"}],"curies":[{"name":"wp","href":"https:\/\/api.w.org\/{rel}","templated":true}]}}