{"id":1752,"date":"2020-03-29T17:07:56","date_gmt":"2020-03-29T15:07:56","guid":{"rendered":"https:\/\/talenti.hr\/?post_type=product&#038;p=1752"},"modified":"2020-05-03T18:46:58","modified_gmt":"2020-05-03T16:46:58","slug":"spuzvice-za-nanosenje-boje","status":"publish","type":"product","link":"https:\/\/talenti.hr\/?product=spuzvice-za-nanosenje-boje","title":{"rendered":"Spu\u017evice za boje Fantasy Make Up"},"content":{"rendered":"<p><span style=\"float: none;background-color: #ffffff;color: #333333;font-family: 'Lucida Sans Unicode','Lucida Grande',Arial,Helvetica,sans-serif;font-size: 13px;font-style: normal;font-variant: normal;font-weight: 400;letter-spacing: normal;line-height: 18px;text-align: left;text-decoration: none;text-indent: 0px;text-transform: none\">Komplet sadr\u017ei 3 okrugle spu\u017evice,a namijenjene su za nano\u0161enje boje na lice ili tijelo,a za preciznije nano\u0161enje preporu\u010dujemo set kisti\u0107a.<\/span><\/p>\n","protected":false},"excerpt":{"rendered":"<ul>\n<li>Set od 3 spu\u017evice<\/li>\n<li>Rok isporuke: 5-7 dana<\/li>\n<li>Proizvo\u0111a\u010d: Fantasy<\/li>\n<p> &#8230; <\/p>\n","protected":false},"featured_media":3508,"comment_status":"open","ping_status":"closed","template":"","meta":[],"product_brand":[],"product_cat":[184,180],"product_tag":[472,485,486,476],"class_list":{"0":"post-1752","1":"product","2":"type-product","3":"status-publish","4":"has-post-thumbnail","6":"product_cat-boje-za-oslikavanje-lica-tijela-i-kose","7":"product_cat-razno","8":"product_tag-boje","9":"product_tag-fantasy","10":"product_tag-make-up","11":"product_tag-spuzvice","13":"first","14":"instock","15":"taxable","16":"shipping-taxable","17":"purchasable","18":"product-type-simple"},"_links":{"self":[{"href":"https:\/\/talenti.hr\/index.php?rest_route=\/wp\/v2\/product\/1752","targetHints":{"allow":["GET"]}}],"collection":[{"href":"https:\/\/talenti.hr\/index.php?rest_route=\/wp\/v2\/product"}],"about":[{"href":"https:\/\/talenti.hr\/index.php?rest_route=\/wp\/v2\/types\/product"}],"replies":[{"embeddable":true,"href":"https:\/\/talenti.hr\/index.php?rest_route=%2Fwp%2Fv2%2Fcomments&post=1752"}],"wp:featuredmedia":[{"embeddable":true,"href":"https:\/\/talenti.hr\/index.php?rest_route=\/wp\/v2\/media\/3508"}],"wp:attachment":[{"href":"https:\/\/talenti.hr\/index.php?rest_route=%2Fwp%2Fv2%2Fmedia&parent=1752"}],"wp:term":[{"taxonomy":"product_brand","embeddable":true,"href":"https:\/\/talenti.hr\/index.php?rest_route=%2Fwp%2Fv2%2Fproduct_brand&post=1752"},{"taxonomy":"product_cat","embeddable":true,"href":"https:\/\/talenti.hr\/index.php?rest_route=%2Fwp%2Fv2%2Fproduct_cat&post=1752"},{"taxonomy":"product_tag","embeddable":true,"href":"https:\/\/talenti.hr\/index.php?rest_route=%2Fwp%2Fv2%2Fproduct_tag&post=1752"}],"curies":[{"name":"wp","href":"https:\/\/api.w.org\/{rel}","templated":true}]}}