{"id":1758,"date":"2020-03-29T17:16:07","date_gmt":"2020-03-29T15:16:07","guid":{"rendered":"https:\/\/talenti.hr\/?post_type=product&#038;p=1758"},"modified":"2020-05-03T19:05:22","modified_gmt":"2020-05-03T17:05:22","slug":"vostane-boje-za-lice-i-tijelo-x-6","status":"publish","type":"product","link":"https:\/\/talenti.hr\/?product=vostane-boje-za-lice-i-tijelo-x-6","title":{"rendered":"Vo\u0161tane boje Fantasy Make Up x 6"},"content":{"rendered":"<p>U kompletu je 6 vo\u0161tanih olovki za oslikavanje.Prije nano\u0161enja preporu\u010duje se da povr\u0161inu nama\u017eemo s obi\u010dnom kremom za lice za kasnije lak\u0161e odstranjivanje boje koju uklonimo s odstranjiva\u010dem boje<strong>. <\/strong><\/p>\n<p>Upozorenje;paziti da ne do\u0111u u kontakt sa sluznicom ( o\u010di.nos,usta ), a u slu\u010daju kontakta dobro isprati vodom.<\/p>\n","protected":false},"excerpt":{"rendered":"<ul>\n<li>Boje:bijela,\u017euta,naran\u010dasta,zelena,plava,crna<\/li>\n<li>Rok isporuke: 5-7 dana<\/li>\n<li>Proizvo\u0111a\u010d: Fantasy<\/li>\n<\/ul>\n<p> &nbsp; &#8230; <\/p>\n","protected":false},"featured_media":3504,"comment_status":"open","ping_status":"closed","template":"","meta":[],"product_brand":[],"product_cat":[184,180],"product_tag":[472,485,486,475],"class_list":{"0":"post-1758","1":"product","2":"type-product","3":"status-publish","4":"has-post-thumbnail","6":"product_cat-boje-za-oslikavanje-lica-tijela-i-kose","7":"product_cat-razno","8":"product_tag-boje","9":"product_tag-fantasy","10":"product_tag-make-up","11":"product_tag-vostane","13":"first","14":"instock","15":"taxable","16":"shipping-taxable","17":"purchasable","18":"product-type-simple"},"_links":{"self":[{"href":"https:\/\/talenti.hr\/index.php?rest_route=\/wp\/v2\/product\/1758","targetHints":{"allow":["GET"]}}],"collection":[{"href":"https:\/\/talenti.hr\/index.php?rest_route=\/wp\/v2\/product"}],"about":[{"href":"https:\/\/talenti.hr\/index.php?rest_route=\/wp\/v2\/types\/product"}],"replies":[{"embeddable":true,"href":"https:\/\/talenti.hr\/index.php?rest_route=%2Fwp%2Fv2%2Fcomments&post=1758"}],"wp:featuredmedia":[{"embeddable":true,"href":"https:\/\/talenti.hr\/index.php?rest_route=\/wp\/v2\/media\/3504"}],"wp:attachment":[{"href":"https:\/\/talenti.hr\/index.php?rest_route=%2Fwp%2Fv2%2Fmedia&parent=1758"}],"wp:term":[{"taxonomy":"product_brand","embeddable":true,"href":"https:\/\/talenti.hr\/index.php?rest_route=%2Fwp%2Fv2%2Fproduct_brand&post=1758"},{"taxonomy":"product_cat","embeddable":true,"href":"https:\/\/talenti.hr\/index.php?rest_route=%2Fwp%2Fv2%2Fproduct_cat&post=1758"},{"taxonomy":"product_tag","embeddable":true,"href":"https:\/\/talenti.hr\/index.php?rest_route=%2Fwp%2Fv2%2Fproduct_tag&post=1758"}],"curies":[{"name":"wp","href":"https:\/\/api.w.org\/{rel}","templated":true}]}}