{"id":1794,"date":"2020-03-29T17:49:15","date_gmt":"2020-03-29T15:49:15","guid":{"rendered":"https:\/\/talenti.hr\/?post_type=product&#038;p=1794"},"modified":"2020-04-26T14:26:03","modified_gmt":"2020-04-26T12:26:03","slug":"bumerang-spirit","status":"publish","type":"product","link":"https:\/\/talenti.hr\/?product=bumerang-spirit","title":{"rendered":"Bumerang Spirit"},"content":{"rendered":"<p>Bumerang Spirit napravljen je u obliku slova &#8221; V &#8220;. Namijenjen je po\u010detnicima,koristi se kada nema vjetra,jer ina\u010de gubi preciznost.Izra\u0111en je iz plasti\u010dne mase ( polipropilena ).<\/p>\n<p>Od 7 godina dalje !<\/p>\n<p>&nbsp;<\/p>\n","protected":false},"excerpt":{"rendered":"<ul>\n<li>Doseg: 25 m<\/li>\n<li>Model: za de\u0161njake i ljevake<\/li>\n<li>Rok isporuke: &#8230;<br \/>\n","protected":false},"featured_media":1802,"comment_status":"open","ping_status":"closed","template":"","meta":[],"product_brand":[],"product_cat":[187,168],"product_tag":[320,354],"class_list":{"0":"post-1794","1":"product","2":"type-product","3":"status-publish","4":"has-post-thumbnail","6":"product_cat-bumerang","7":"product_cat-sport","8":"product_tag-bumerang","9":"product_tag-spirit","11":"first","12":"instock","13":"taxable","14":"shipping-taxable","15":"purchasable","16":"product-type-simple"},"_links":{"self":[{"href":"https:\/\/talenti.hr\/index.php?rest_route=\/wp\/v2\/product\/1794","targetHints":{"allow":["GET"]}}],"collection":[{"href":"https:\/\/talenti.hr\/index.php?rest_route=\/wp\/v2\/product"}],"about":[{"href":"https:\/\/talenti.hr\/index.php?rest_route=\/wp\/v2\/types\/product"}],"replies":[{"embeddable":true,"href":"https:\/\/talenti.hr\/index.php?rest_route=%2Fwp%2Fv2%2Fcomments&post=1794"}],"wp:featuredmedia":[{"embeddable":true,"href":"https:\/\/talenti.hr\/index.php?rest_route=\/wp\/v2\/media\/1802"}],"wp:attachment":[{"href":"https:\/\/talenti.hr\/index.php?rest_route=%2Fwp%2Fv2%2Fmedia&parent=1794"}],"wp:term":[{"taxonomy":"product_brand","embeddable":true,"href":"https:\/\/talenti.hr\/index.php?rest_route=%2Fwp%2Fv2%2Fproduct_brand&post=1794"},{"taxonomy":"product_cat","embeddable":true,"href":"https:\/\/talenti.hr\/index.php?rest_route=%2Fwp%2Fv2%2Fproduct_cat&post=1794"},{"taxonomy":"product_tag","embeddable":true,"href":"https:\/\/talenti.hr\/index.php?rest_route=%2Fwp%2Fv2%2Fproduct_tag&post=1794"}],"curies":[{"name":"wp","href":"https:\/\/api.w.org\/{rel}","templated":true}]}}