{"id":1803,"date":"2020-03-29T17:51:38","date_gmt":"2020-03-29T15:51:38","guid":{"rendered":"https:\/\/talenti.hr\/?post_type=product&#038;p=1803"},"modified":"2020-04-26T14:21:29","modified_gmt":"2020-04-26T12:21:29","slug":"bumerang-x-fly","status":"publish","type":"product","link":"https:\/\/talenti.hr\/?product=bumerang-x-fly","title":{"rendered":"Bumerang X- Fly"},"content":{"rendered":"<p>Bumerang X-Fly pogodan je za po\u010detnike i znalce.Zbog simetri\u010dne vrtnje ga je jako lako uloviti.Ima dosta veliki doseg.Napravljen je iz plasti\u010dne mase ( polipropilena ).<\/p>\n<div>Od 13\u00a0godina dalje!<\/div>\n","protected":false},"excerpt":{"rendered":"<ul>\n<li>Doseg: 25 cm<\/li>\n<li>Te\u017eina: 54 g<\/li>\n<li>Raspon: 23,5 cm<\/li>\n<li>Model: &#8230;<br \/>\n","protected":false},"featured_media":1805,"comment_status":"open","ping_status":"closed","template":"","meta":[],"product_brand":[],"product_cat":[187,168],"product_tag":[320,353,352],"class_list":{"0":"post-1803","1":"product","2":"type-product","3":"status-publish","4":"has-post-thumbnail","6":"product_cat-bumerang","7":"product_cat-sport","8":"product_tag-bumerang","9":"product_tag-fly","10":"product_tag-x","12":"first","13":"instock","14":"taxable","15":"shipping-taxable","16":"purchasable","17":"product-type-simple"},"_links":{"self":[{"href":"https:\/\/talenti.hr\/index.php?rest_route=\/wp\/v2\/product\/1803","targetHints":{"allow":["GET"]}}],"collection":[{"href":"https:\/\/talenti.hr\/index.php?rest_route=\/wp\/v2\/product"}],"about":[{"href":"https:\/\/talenti.hr\/index.php?rest_route=\/wp\/v2\/types\/product"}],"replies":[{"embeddable":true,"href":"https:\/\/talenti.hr\/index.php?rest_route=%2Fwp%2Fv2%2Fcomments&post=1803"}],"wp:featuredmedia":[{"embeddable":true,"href":"https:\/\/talenti.hr\/index.php?rest_route=\/wp\/v2\/media\/1805"}],"wp:attachment":[{"href":"https:\/\/talenti.hr\/index.php?rest_route=%2Fwp%2Fv2%2Fmedia&parent=1803"}],"wp:term":[{"taxonomy":"product_brand","embeddable":true,"href":"https:\/\/talenti.hr\/index.php?rest_route=%2Fwp%2Fv2%2Fproduct_brand&post=1803"},{"taxonomy":"product_cat","embeddable":true,"href":"https:\/\/talenti.hr\/index.php?rest_route=%2Fwp%2Fv2%2Fproduct_cat&post=1803"},{"taxonomy":"product_tag","embeddable":true,"href":"https:\/\/talenti.hr\/index.php?rest_route=%2Fwp%2Fv2%2Fproduct_tag&post=1803"}],"curies":[{"name":"wp","href":"https:\/\/api.w.org\/{rel}","templated":true}]}}