{"id":1811,"date":"2020-03-29T17:57:32","date_gmt":"2020-03-29T15:57:32","guid":{"rendered":"https:\/\/talenti.hr\/?post_type=product&#038;p=1811"},"modified":"2020-04-26T14:12:44","modified_gmt":"2020-04-26T12:12:44","slug":"burning-helix","status":"publish","type":"product","link":"https:\/\/talenti.hr\/?product=burning-helix","title":{"rendered":"Burning Helix"},"content":{"rendered":"<p>Bumerang Helix namijenjen je u\u010denju bacanja i hvatanja,vrlo je jednostavan za upotrebu.Zbog vrlo male te\u017eine koristi se kad nema vjetra.Omogu\u0107uje precizno bacanje. Napravljen je od drvene \u0161perplo\u010de.<\/p>\n<p>Od 7 godine dalje!<\/p>\n","protected":false},"excerpt":{"rendered":"<ul>\n<li>Doseg: 15 m<\/li>\n<li>Te\u017eina: 23 g<\/li>\n<li>Raspon: 22 cm<\/li>\n<li>Model: &#8230;<br \/>\n","protected":false},"featured_media":1813,"comment_status":"open","ping_status":"closed","template":"","meta":[],"product_brand":[],"product_cat":[187,168],"product_tag":[320,350],"class_list":{"0":"post-1811","1":"product","2":"type-product","3":"status-publish","4":"has-post-thumbnail","6":"product_cat-bumerang","7":"product_cat-sport","8":"product_tag-bumerang","9":"product_tag-helix","11":"first","12":"instock","13":"taxable","14":"shipping-taxable","15":"purchasable","16":"product-type-simple"},"_links":{"self":[{"href":"https:\/\/talenti.hr\/index.php?rest_route=\/wp\/v2\/product\/1811","targetHints":{"allow":["GET"]}}],"collection":[{"href":"https:\/\/talenti.hr\/index.php?rest_route=\/wp\/v2\/product"}],"about":[{"href":"https:\/\/talenti.hr\/index.php?rest_route=\/wp\/v2\/types\/product"}],"replies":[{"embeddable":true,"href":"https:\/\/talenti.hr\/index.php?rest_route=%2Fwp%2Fv2%2Fcomments&post=1811"}],"wp:featuredmedia":[{"embeddable":true,"href":"https:\/\/talenti.hr\/index.php?rest_route=\/wp\/v2\/media\/1813"}],"wp:attachment":[{"href":"https:\/\/talenti.hr\/index.php?rest_route=%2Fwp%2Fv2%2Fmedia&parent=1811"}],"wp:term":[{"taxonomy":"product_brand","embeddable":true,"href":"https:\/\/talenti.hr\/index.php?rest_route=%2Fwp%2Fv2%2Fproduct_brand&post=1811"},{"taxonomy":"product_cat","embeddable":true,"href":"https:\/\/talenti.hr\/index.php?rest_route=%2Fwp%2Fv2%2Fproduct_cat&post=1811"},{"taxonomy":"product_tag","embeddable":true,"href":"https:\/\/talenti.hr\/index.php?rest_route=%2Fwp%2Fv2%2Fproduct_tag&post=1811"}],"curies":[{"name":"wp","href":"https:\/\/api.w.org\/{rel}","templated":true}]}}