{"id":1819,"date":"2020-03-29T18:02:48","date_gmt":"2020-03-29T16:02:48","guid":{"rendered":"https:\/\/talenti.hr\/?post_type=product&#038;p=1819"},"modified":"2020-04-26T14:00:47","modified_gmt":"2020-04-26T12:00:47","slug":"bumerang-boomer","status":"publish","type":"product","link":"https:\/\/talenti.hr\/?product=bumerang-boomer","title":{"rendered":"Bumerang Boomer"},"content":{"rendered":"<p>Bumerang Boomer je naj\u010de\u0161\u0107i oblik bumeranga sa laganim bacanjem i primanjem.Primjeren je za po\u010detnike.Napravljen je od drvene \u0161perplo\u010de.<\/p>\n<p>Od 12 godina dalje!<\/p>\n","protected":false},"excerpt":{"rendered":"<ul>\n<li>Doseg: 25 m<\/li>\n<li>Te\u017eina. 57 g<\/li>\n<li>Raspon: 29 cm<\/li>\n<li>Model: &#8230;<br \/>\n","protected":false},"featured_media":1821,"comment_status":"open","ping_status":"closed","template":"","meta":[],"product_brand":[],"product_cat":[187,168],"product_tag":[348,320],"class_list":{"0":"post-1819","1":"product","2":"type-product","3":"status-publish","4":"has-post-thumbnail","6":"product_cat-bumerang","7":"product_cat-sport","8":"product_tag-boomer","9":"product_tag-bumerang","11":"first","12":"instock","13":"taxable","14":"shipping-taxable","15":"purchasable","16":"product-type-simple"},"_links":{"self":[{"href":"https:\/\/talenti.hr\/index.php?rest_route=\/wp\/v2\/product\/1819","targetHints":{"allow":["GET"]}}],"collection":[{"href":"https:\/\/talenti.hr\/index.php?rest_route=\/wp\/v2\/product"}],"about":[{"href":"https:\/\/talenti.hr\/index.php?rest_route=\/wp\/v2\/types\/product"}],"replies":[{"embeddable":true,"href":"https:\/\/talenti.hr\/index.php?rest_route=%2Fwp%2Fv2%2Fcomments&post=1819"}],"wp:featuredmedia":[{"embeddable":true,"href":"https:\/\/talenti.hr\/index.php?rest_route=\/wp\/v2\/media\/1821"}],"wp:attachment":[{"href":"https:\/\/talenti.hr\/index.php?rest_route=%2Fwp%2Fv2%2Fmedia&parent=1819"}],"wp:term":[{"taxonomy":"product_brand","embeddable":true,"href":"https:\/\/talenti.hr\/index.php?rest_route=%2Fwp%2Fv2%2Fproduct_brand&post=1819"},{"taxonomy":"product_cat","embeddable":true,"href":"https:\/\/talenti.hr\/index.php?rest_route=%2Fwp%2Fv2%2Fproduct_cat&post=1819"},{"taxonomy":"product_tag","embeddable":true,"href":"https:\/\/talenti.hr\/index.php?rest_route=%2Fwp%2Fv2%2Fproduct_tag&post=1819"}],"curies":[{"name":"wp","href":"https:\/\/api.w.org\/{rel}","templated":true}]}}