{"id":1831,"date":"2020-03-29T18:08:49","date_gmt":"2020-03-29T16:08:49","guid":{"rendered":"https:\/\/talenti.hr\/?post_type=product&#038;p=1831"},"modified":"2020-04-26T13:49:35","modified_gmt":"2020-04-26T11:49:35","slug":"bumerang-rock","status":"publish","type":"product","link":"https:\/\/talenti.hr\/?product=bumerang-rock","title":{"rendered":"Bumerang Rock"},"content":{"rendered":"<p>Bumerang Rock je divan bumerang kako po dizajnu tako i po letnim sposobnostima.Ovo je sportski bumerang namijenjen poznavaocima,ali i po\u010detnicima.Leti odli\u010dno i pri blagom vjetru. Napravljen je od drvene \u0161perplo\u010de.<\/p>\n<p>Od 16 godina dalje!<\/p>\n","protected":false},"excerpt":{"rendered":"<ul>\n<li>Doseg: 30 m<\/li>\n<li>Te\u017eina: 70 g<\/li>\n<li>Raspon: 30,5 cm<\/li>\n<li>Model: &#8230;<br \/>\n","protected":false},"featured_media":1833,"comment_status":"open","ping_status":"closed","template":"","meta":[],"product_brand":[],"product_cat":[187,168],"product_tag":[320,345],"class_list":{"0":"post-1831","1":"product","2":"type-product","3":"status-publish","4":"has-post-thumbnail","6":"product_cat-bumerang","7":"product_cat-sport","8":"product_tag-bumerang","9":"product_tag-rock","11":"first","12":"instock","13":"taxable","14":"shipping-taxable","15":"purchasable","16":"product-type-simple"},"_links":{"self":[{"href":"https:\/\/talenti.hr\/index.php?rest_route=\/wp\/v2\/product\/1831","targetHints":{"allow":["GET"]}}],"collection":[{"href":"https:\/\/talenti.hr\/index.php?rest_route=\/wp\/v2\/product"}],"about":[{"href":"https:\/\/talenti.hr\/index.php?rest_route=\/wp\/v2\/types\/product"}],"replies":[{"embeddable":true,"href":"https:\/\/talenti.hr\/index.php?rest_route=%2Fwp%2Fv2%2Fcomments&post=1831"}],"wp:featuredmedia":[{"embeddable":true,"href":"https:\/\/talenti.hr\/index.php?rest_route=\/wp\/v2\/media\/1833"}],"wp:attachment":[{"href":"https:\/\/talenti.hr\/index.php?rest_route=%2Fwp%2Fv2%2Fmedia&parent=1831"}],"wp:term":[{"taxonomy":"product_brand","embeddable":true,"href":"https:\/\/talenti.hr\/index.php?rest_route=%2Fwp%2Fv2%2Fproduct_brand&post=1831"},{"taxonomy":"product_cat","embeddable":true,"href":"https:\/\/talenti.hr\/index.php?rest_route=%2Fwp%2Fv2%2Fproduct_cat&post=1831"},{"taxonomy":"product_tag","embeddable":true,"href":"https:\/\/talenti.hr\/index.php?rest_route=%2Fwp%2Fv2%2Fproduct_tag&post=1831"}],"curies":[{"name":"wp","href":"https:\/\/api.w.org\/{rel}","templated":true}]}}