{"id":1837,"date":"2020-03-29T18:11:54","date_gmt":"2020-03-29T16:11:54","guid":{"rendered":"https:\/\/talenti.hr\/?post_type=product&#038;p=1837"},"modified":"2020-04-26T13:40:31","modified_gmt":"2020-04-26T11:40:31","slug":"bumerang-street","status":"publish","type":"product","link":"https:\/\/talenti.hr\/?product=bumerang-street","title":{"rendered":"Bumerang Street"},"content":{"rendered":"<p>Bumerang Street oblikom podsje\u0107a na Napoleonov \u0161e\u0161ir.Pravilnim bacanjem leti do nevjerovatnih 45 m sa povratkom,pa za njega treba puno prostora i morate biti iskusan znalac ovog sporta.Napravljen je od finske breze.<\/p>\n<p>Od 16 godina dalje!<\/p>\n","protected":false},"excerpt":{"rendered":"<ul>\n<li>Doseg: 45 m<\/li>\n<li>Te\u017eina: 65 g<\/li>\n<li>Raspon: 32,5 cm<\/li>\n<li>Model: &#8230;<br \/>\n","protected":false},"featured_media":1839,"comment_status":"open","ping_status":"closed","template":"","meta":[],"product_brand":[],"product_cat":[187,168],"product_tag":[320,343],"class_list":{"0":"post-1837","1":"product","2":"type-product","3":"status-publish","4":"has-post-thumbnail","6":"product_cat-bumerang","7":"product_cat-sport","8":"product_tag-bumerang","9":"product_tag-street","11":"first","12":"instock","13":"taxable","14":"shipping-taxable","15":"purchasable","16":"product-type-simple"},"_links":{"self":[{"href":"https:\/\/talenti.hr\/index.php?rest_route=\/wp\/v2\/product\/1837","targetHints":{"allow":["GET"]}}],"collection":[{"href":"https:\/\/talenti.hr\/index.php?rest_route=\/wp\/v2\/product"}],"about":[{"href":"https:\/\/talenti.hr\/index.php?rest_route=\/wp\/v2\/types\/product"}],"replies":[{"embeddable":true,"href":"https:\/\/talenti.hr\/index.php?rest_route=%2Fwp%2Fv2%2Fcomments&post=1837"}],"wp:featuredmedia":[{"embeddable":true,"href":"https:\/\/talenti.hr\/index.php?rest_route=\/wp\/v2\/media\/1839"}],"wp:attachment":[{"href":"https:\/\/talenti.hr\/index.php?rest_route=%2Fwp%2Fv2%2Fmedia&parent=1837"}],"wp:term":[{"taxonomy":"product_brand","embeddable":true,"href":"https:\/\/talenti.hr\/index.php?rest_route=%2Fwp%2Fv2%2Fproduct_brand&post=1837"},{"taxonomy":"product_cat","embeddable":true,"href":"https:\/\/talenti.hr\/index.php?rest_route=%2Fwp%2Fv2%2Fproduct_cat&post=1837"},{"taxonomy":"product_tag","embeddable":true,"href":"https:\/\/talenti.hr\/index.php?rest_route=%2Fwp%2Fv2%2Fproduct_tag&post=1837"}],"curies":[{"name":"wp","href":"https:\/\/api.w.org\/{rel}","templated":true}]}}