{"id":1843,"date":"2020-03-29T18:20:12","date_gmt":"2020-03-29T16:20:12","guid":{"rendered":"https:\/\/talenti.hr\/?post_type=product&#038;p=1843"},"modified":"2020-04-26T13:32:51","modified_gmt":"2020-04-26T11:32:51","slug":"bumerang-swell","status":"publish","type":"product","link":"https:\/\/talenti.hr\/?product=bumerang-swell","title":{"rendered":"Bumerang Swell"},"content":{"rendered":"<div class=\"s_tabs grid_12 alpha omega ui-tabs ui-widget ui-widget-content ui-corner-all\">\n<div class=\"s_tab_box\">\n<div id=\"product_description\" class=\"ui-tabs-panel ui-widget-content ui-corner-bottom\">\n<p>Bumerang Swell izuzetno je atraktivan bumerang nesvakida\u0161njeg oblika.Primjeren je za po\u010detnike,jer ima specifi\u010dan &#8221; helikopterski &#8221; povratak.Napravljen je od drvene\u00a0 \u0161perplo\u010de.<\/p>\n<p>Od 12 godina\u00a0dalje!<\/p>\n<\/div>\n<\/div>\n<\/div>\n<div class=\"clear\"><\/div>\n<div id=\"product_tags\">\n<h2 class=\"s_title_1\"><\/h2>\n<\/div>\n","protected":false},"excerpt":{"rendered":"<ul>\n<li>Doseg: 15 m<\/li>\n<li>Te\u017eina: 50 g<\/li>\n<li>Raspon: 27,5 cm<\/li>\n<li>Model: &#8230;<br \/>\n","protected":false},"featured_media":1845,"comment_status":"open","ping_status":"closed","template":"","meta":[],"product_brand":[],"product_cat":[187,168],"product_tag":[320,341],"class_list":{"0":"post-1843","1":"product","2":"type-product","3":"status-publish","4":"has-post-thumbnail","6":"product_cat-bumerang","7":"product_cat-sport","8":"product_tag-bumerang","9":"product_tag-swell","11":"first","12":"instock","13":"taxable","14":"shipping-taxable","15":"purchasable","16":"product-type-simple"},"_links":{"self":[{"href":"https:\/\/talenti.hr\/index.php?rest_route=\/wp\/v2\/product\/1843","targetHints":{"allow":["GET"]}}],"collection":[{"href":"https:\/\/talenti.hr\/index.php?rest_route=\/wp\/v2\/product"}],"about":[{"href":"https:\/\/talenti.hr\/index.php?rest_route=\/wp\/v2\/types\/product"}],"replies":[{"embeddable":true,"href":"https:\/\/talenti.hr\/index.php?rest_route=%2Fwp%2Fv2%2Fcomments&post=1843"}],"wp:featuredmedia":[{"embeddable":true,"href":"https:\/\/talenti.hr\/index.php?rest_route=\/wp\/v2\/media\/1845"}],"wp:attachment":[{"href":"https:\/\/talenti.hr\/index.php?rest_route=%2Fwp%2Fv2%2Fmedia&parent=1843"}],"wp:term":[{"taxonomy":"product_brand","embeddable":true,"href":"https:\/\/talenti.hr\/index.php?rest_route=%2Fwp%2Fv2%2Fproduct_brand&post=1843"},{"taxonomy":"product_cat","embeddable":true,"href":"https:\/\/talenti.hr\/index.php?rest_route=%2Fwp%2Fv2%2Fproduct_cat&post=1843"},{"taxonomy":"product_tag","embeddable":true,"href":"https:\/\/talenti.hr\/index.php?rest_route=%2Fwp%2Fv2%2Fproduct_tag&post=1843"}],"curies":[{"name":"wp","href":"https:\/\/api.w.org\/{rel}","templated":true}]}}