{"id":1855,"date":"2020-03-29T18:29:56","date_gmt":"2020-03-29T16:29:56","guid":{"rendered":"https:\/\/talenti.hr\/?post_type=product&#038;p=1855"},"modified":"2020-05-12T11:26:19","modified_gmt":"2020-05-12T09:26:19","slug":"cunjevi-one","status":"publish","type":"product","link":"https:\/\/talenti.hr\/?product=cunjevi-one","title":{"rendered":"\u010cunjevi One"},"content":{"rendered":"<p>\u010cunjevi One za \u017eongliranje kao \u0161to im samo ime govori izliveni su iz jednoga komada. Namijenjeni su po\u010detnicima.<\/p>\n","protected":false},"excerpt":{"rendered":"<ul>\n<li>Cijena za 1 komad!!<\/li>\n<li>Te\u017eina: 200 g<\/li>\n<li>Du\u017eina: 500 mm<\/li>\n<p> &#8230; <\/p>\n","protected":false},"featured_media":1857,"comment_status":"open","ping_status":"closed","template":"","meta":[],"product_brand":[],"product_cat":[152,149],"product_tag":[227,228,281],"class_list":{"0":"post-1855","1":"product","2":"type-product","3":"status-publish","4":"has-post-thumbnail","6":"product_cat-cunjevi","7":"product_cat-zongliranje","8":"product_tag-cunjevi","9":"product_tag-one","10":"product_tag-play","12":"first","13":"instock","14":"taxable","15":"shipping-taxable","16":"purchasable","17":"product-type-simple"},"_links":{"self":[{"href":"https:\/\/talenti.hr\/index.php?rest_route=\/wp\/v2\/product\/1855","targetHints":{"allow":["GET"]}}],"collection":[{"href":"https:\/\/talenti.hr\/index.php?rest_route=\/wp\/v2\/product"}],"about":[{"href":"https:\/\/talenti.hr\/index.php?rest_route=\/wp\/v2\/types\/product"}],"replies":[{"embeddable":true,"href":"https:\/\/talenti.hr\/index.php?rest_route=%2Fwp%2Fv2%2Fcomments&post=1855"}],"wp:featuredmedia":[{"embeddable":true,"href":"https:\/\/talenti.hr\/index.php?rest_route=\/wp\/v2\/media\/1857"}],"wp:attachment":[{"href":"https:\/\/talenti.hr\/index.php?rest_route=%2Fwp%2Fv2%2Fmedia&parent=1855"}],"wp:term":[{"taxonomy":"product_brand","embeddable":true,"href":"https:\/\/talenti.hr\/index.php?rest_route=%2Fwp%2Fv2%2Fproduct_brand&post=1855"},{"taxonomy":"product_cat","embeddable":true,"href":"https:\/\/talenti.hr\/index.php?rest_route=%2Fwp%2Fv2%2Fproduct_cat&post=1855"},{"taxonomy":"product_tag","embeddable":true,"href":"https:\/\/talenti.hr\/index.php?rest_route=%2Fwp%2Fv2%2Fproduct_tag&post=1855"}],"curies":[{"name":"wp","href":"https:\/\/api.w.org\/{rel}","templated":true}]}}