{"id":1858,"date":"2020-03-29T18:32:05","date_gmt":"2020-03-29T16:32:05","guid":{"rendered":"https:\/\/talenti.hr\/?post_type=product&#038;p=1858"},"modified":"2020-05-12T11:22:33","modified_gmt":"2020-05-12T09:22:33","slug":"cunjevi-one-dekor","status":"publish","type":"product","link":"https:\/\/talenti.hr\/?product=cunjevi-one-dekor","title":{"rendered":"\u010cunjevi One Dekor"},"content":{"rendered":"<p>\u010cunjevi One Dekor za \u017eongliranje kao \u0161to samo ime govori izliveni su iz 1 komada.<br \/>\nPrimjereni su za po\u010detnike.<\/p>\n","protected":false},"excerpt":{"rendered":"<ul>\n<li>Cijena za 1 komad!!<\/li>\n<li>Te\u017eina: 200 g<\/li>\n<li>Du\u017eina: 50 cm<\/li>\n<p> &#8230; <\/p>\n","protected":false},"featured_media":3013,"comment_status":"open","ping_status":"closed","template":"","meta":[],"product_brand":[],"product_cat":[152,149],"product_tag":[227,229,621,228],"class_list":{"0":"post-1858","1":"product","2":"type-product","3":"status-publish","4":"has-post-thumbnail","6":"product_cat-cunjevi","7":"product_cat-zongliranje","8":"product_tag-cunjevi","9":"product_tag-dekor","10":"product_tag-juggle-dream","11":"product_tag-one","13":"first","14":"instock","15":"taxable","16":"shipping-taxable","17":"purchasable","18":"product-type-simple"},"_links":{"self":[{"href":"https:\/\/talenti.hr\/index.php?rest_route=\/wp\/v2\/product\/1858","targetHints":{"allow":["GET"]}}],"collection":[{"href":"https:\/\/talenti.hr\/index.php?rest_route=\/wp\/v2\/product"}],"about":[{"href":"https:\/\/talenti.hr\/index.php?rest_route=\/wp\/v2\/types\/product"}],"replies":[{"embeddable":true,"href":"https:\/\/talenti.hr\/index.php?rest_route=%2Fwp%2Fv2%2Fcomments&post=1858"}],"wp:featuredmedia":[{"embeddable":true,"href":"https:\/\/talenti.hr\/index.php?rest_route=\/wp\/v2\/media\/3013"}],"wp:attachment":[{"href":"https:\/\/talenti.hr\/index.php?rest_route=%2Fwp%2Fv2%2Fmedia&parent=1858"}],"wp:term":[{"taxonomy":"product_brand","embeddable":true,"href":"https:\/\/talenti.hr\/index.php?rest_route=%2Fwp%2Fv2%2Fproduct_brand&post=1858"},{"taxonomy":"product_cat","embeddable":true,"href":"https:\/\/talenti.hr\/index.php?rest_route=%2Fwp%2Fv2%2Fproduct_cat&post=1858"},{"taxonomy":"product_tag","embeddable":true,"href":"https:\/\/talenti.hr\/index.php?rest_route=%2Fwp%2Fv2%2Fproduct_tag&post=1858"}],"curies":[{"name":"wp","href":"https:\/\/api.w.org\/{rel}","templated":true}]}}