{"id":1870,"date":"2020-03-29T18:43:01","date_gmt":"2020-03-29T16:43:01","guid":{"rendered":"https:\/\/talenti.hr\/?post_type=product&#038;p=1870"},"modified":"2020-05-12T11:18:31","modified_gmt":"2020-05-12T09:18:31","slug":"cunjevi-px3-sirius-training","status":"publish","type":"product","link":"https:\/\/talenti.hr\/?product=cunjevi-px3-sirius-training","title":{"rendered":"\u010cunjevi PX3-PX3 LIGHT-PX4-EX1"},"content":{"rendered":"<p>\u010cunjevi PX3,PX4 i EX1 za \u017eongliranje su top \u010dunjevi za vrhunske treninge.Odlikuje ih velika izdr\u017eljivost na udarce. Tanke ru\u010dke omogu\u0107uju izvedbu i najte\u017eih trikova.<\/p>\n<p>Boje se mogu mijenjati u mnogo raznih kombinacija,a detaljnije se mo\u017ee pogledati na stranici proizvo\u0111a\u010da:<\/p>\n<p><a href=\"https:\/\/www.playjuggling.com\/en\/\">https:\/\/www.playjuggling.com\/en\/<\/a><\/p>\n<p>&nbsp;<\/p>\n<p>&nbsp;<\/p>\n","protected":false},"excerpt":{"rendered":"<ul>\n<li>Cijena za 1 komad!!<\/li>\n<li>Te\u017eina: 230 g<\/li>\n<li>Du\u017eina: 52 cm<\/li>\n<p> &#8230; <\/p>\n","protected":false},"featured_media":3091,"comment_status":"open","ping_status":"closed","template":"","meta":[],"product_brand":[],"product_cat":[152,149],"product_tag":[227,255,299,281,253,254],"class_list":{"0":"post-1870","1":"product","2":"type-product","3":"status-publish","4":"has-post-thumbnail","6":"product_cat-cunjevi","7":"product_cat-zongliranje","8":"product_tag-cunjevi","9":"product_tag-ex1","10":"product_tag-light","11":"product_tag-play","12":"product_tag-px3","13":"product_tag-px4","15":"first","16":"instock","17":"taxable","18":"shipping-taxable","19":"purchasable","20":"product-type-simple"},"_links":{"self":[{"href":"https:\/\/talenti.hr\/index.php?rest_route=\/wp\/v2\/product\/1870","targetHints":{"allow":["GET"]}}],"collection":[{"href":"https:\/\/talenti.hr\/index.php?rest_route=\/wp\/v2\/product"}],"about":[{"href":"https:\/\/talenti.hr\/index.php?rest_route=\/wp\/v2\/types\/product"}],"replies":[{"embeddable":true,"href":"https:\/\/talenti.hr\/index.php?rest_route=%2Fwp%2Fv2%2Fcomments&post=1870"}],"wp:featuredmedia":[{"embeddable":true,"href":"https:\/\/talenti.hr\/index.php?rest_route=\/wp\/v2\/media\/3091"}],"wp:attachment":[{"href":"https:\/\/talenti.hr\/index.php?rest_route=%2Fwp%2Fv2%2Fmedia&parent=1870"}],"wp:term":[{"taxonomy":"product_brand","embeddable":true,"href":"https:\/\/talenti.hr\/index.php?rest_route=%2Fwp%2Fv2%2Fproduct_brand&post=1870"},{"taxonomy":"product_cat","embeddable":true,"href":"https:\/\/talenti.hr\/index.php?rest_route=%2Fwp%2Fv2%2Fproduct_cat&post=1870"},{"taxonomy":"product_tag","embeddable":true,"href":"https:\/\/talenti.hr\/index.php?rest_route=%2Fwp%2Fv2%2Fproduct_tag&post=1870"}],"curies":[{"name":"wp","href":"https:\/\/api.w.org\/{rel}","templated":true}]}}