{"id":1873,"date":"2020-03-29T18:44:48","date_gmt":"2020-03-29T16:44:48","guid":{"rendered":"https:\/\/talenti.hr\/?post_type=product&#038;p=1873"},"modified":"2020-05-12T11:14:07","modified_gmt":"2020-05-12T09:14:07","slug":"cunjevi-vegas","status":"publish","type":"product","link":"https:\/\/talenti.hr\/?product=cunjevi-vegas","title":{"rendered":"\u010cunjevi Vegas"},"content":{"rendered":"<p>\u010cunjevi Vegas za \u017eongliranje ustvari su dekorirana verzija \u010dunjeva Sirius. Odlikuje ih vakumski izra\u0111ena dekoracija koja je vrlo trajna za razliku od obi\u010dnih lijepljenih.Izuzetno su izdr\u017eljivi na udarce o pod ili razne predmete.<\/p>\n","protected":false},"excerpt":{"rendered":"<ul>\n<li>Cijena za 1 komad!!<\/li>\n<li>Te\u017eina: 225 g<\/li>\n<li>Du\u017eina: 52 cm<\/li>\n<p> &#8230; <\/p>\n","protected":false},"featured_media":1875,"comment_status":"open","ping_status":"closed","template":"","meta":[],"product_brand":[],"product_cat":[152,149],"product_tag":[227,281,231],"class_list":{"0":"post-1873","1":"product","2":"type-product","3":"status-publish","4":"has-post-thumbnail","6":"product_cat-cunjevi","7":"product_cat-zongliranje","8":"product_tag-cunjevi","9":"product_tag-play","10":"product_tag-vegas","12":"first","13":"instock","14":"taxable","15":"shipping-taxable","16":"purchasable","17":"product-type-simple"},"_links":{"self":[{"href":"https:\/\/talenti.hr\/index.php?rest_route=\/wp\/v2\/product\/1873","targetHints":{"allow":["GET"]}}],"collection":[{"href":"https:\/\/talenti.hr\/index.php?rest_route=\/wp\/v2\/product"}],"about":[{"href":"https:\/\/talenti.hr\/index.php?rest_route=\/wp\/v2\/types\/product"}],"replies":[{"embeddable":true,"href":"https:\/\/talenti.hr\/index.php?rest_route=%2Fwp%2Fv2%2Fcomments&post=1873"}],"wp:featuredmedia":[{"embeddable":true,"href":"https:\/\/talenti.hr\/index.php?rest_route=\/wp\/v2\/media\/1875"}],"wp:attachment":[{"href":"https:\/\/talenti.hr\/index.php?rest_route=%2Fwp%2Fv2%2Fmedia&parent=1873"}],"wp:term":[{"taxonomy":"product_brand","embeddable":true,"href":"https:\/\/talenti.hr\/index.php?rest_route=%2Fwp%2Fv2%2Fproduct_brand&post=1873"},{"taxonomy":"product_cat","embeddable":true,"href":"https:\/\/talenti.hr\/index.php?rest_route=%2Fwp%2Fv2%2Fproduct_cat&post=1873"},{"taxonomy":"product_tag","embeddable":true,"href":"https:\/\/talenti.hr\/index.php?rest_route=%2Fwp%2Fv2%2Fproduct_tag&post=1873"}],"curies":[{"name":"wp","href":"https:\/\/api.w.org\/{rel}","templated":true}]}}