{"id":1879,"date":"2020-03-29T18:47:54","date_gmt":"2020-03-29T16:47:54","guid":{"rendered":"https:\/\/talenti.hr\/?post_type=product&#038;p=1879"},"modified":"2020-05-12T11:06:26","modified_gmt":"2020-05-12T09:06:26","slug":"nozevi-za-zongliranje","status":"publish","type":"product","link":"https:\/\/talenti.hr\/?product=nozevi-za-zongliranje","title":{"rendered":"No\u017eevi za \u017eongliranje"},"content":{"rendered":"<p>No\u017eevi za \u017eongliranje sli\u010dne su te\u017eine i stabilnosti kao \u017eonglerski \u010dunjevi.Namijenjeni su poznavaocima \u017eongliranja.Nisu nabru\u0161eni,iako je i to mogu\u0107e.Kod \u017eongliranja djeluju opasno, iako su pri pravilnoj upotrebi potpuno sigurni.<\/p>\n","protected":false},"excerpt":{"rendered":"<ul>\n<li>Cijena za 1 komad!!<\/li>\n<li>Te\u017eina. 300 g<\/li>\n<li>Du\u017eina. 54 cm<\/li>\n<p> &#8230; <\/p>\n","protected":false},"featured_media":1881,"comment_status":"open","ping_status":"closed","template":"","meta":[],"product_brand":[],"product_cat":[152,156,149],"product_tag":[621,236,237],"class_list":{"0":"post-1879","1":"product","2":"type-product","3":"status-publish","4":"has-post-thumbnail","6":"product_cat-cunjevi","7":"product_cat-razni-zonglerski-rekviziti","8":"product_cat-zongliranje","9":"product_tag-juggle-dream","10":"product_tag-nozevi","11":"product_tag-zongliranje","13":"first","14":"instock","15":"taxable","16":"shipping-taxable","17":"purchasable","18":"product-type-simple"},"_links":{"self":[{"href":"https:\/\/talenti.hr\/index.php?rest_route=\/wp\/v2\/product\/1879","targetHints":{"allow":["GET"]}}],"collection":[{"href":"https:\/\/talenti.hr\/index.php?rest_route=\/wp\/v2\/product"}],"about":[{"href":"https:\/\/talenti.hr\/index.php?rest_route=\/wp\/v2\/types\/product"}],"replies":[{"embeddable":true,"href":"https:\/\/talenti.hr\/index.php?rest_route=%2Fwp%2Fv2%2Fcomments&post=1879"}],"wp:featuredmedia":[{"embeddable":true,"href":"https:\/\/talenti.hr\/index.php?rest_route=\/wp\/v2\/media\/1881"}],"wp:attachment":[{"href":"https:\/\/talenti.hr\/index.php?rest_route=%2Fwp%2Fv2%2Fmedia&parent=1879"}],"wp:term":[{"taxonomy":"product_brand","embeddable":true,"href":"https:\/\/talenti.hr\/index.php?rest_route=%2Fwp%2Fv2%2Fproduct_brand&post=1879"},{"taxonomy":"product_cat","embeddable":true,"href":"https:\/\/talenti.hr\/index.php?rest_route=%2Fwp%2Fv2%2Fproduct_cat&post=1879"},{"taxonomy":"product_tag","embeddable":true,"href":"https:\/\/talenti.hr\/index.php?rest_route=%2Fwp%2Fv2%2Fproduct_tag&post=1879"}],"curies":[{"name":"wp","href":"https:\/\/api.w.org\/{rel}","templated":true}]}}