{"id":1888,"date":"2020-03-29T18:55:29","date_gmt":"2020-03-29T16:55:29","guid":{"rendered":"https:\/\/talenti.hr\/?post_type=product&#038;p=1888"},"modified":"2020-05-12T11:04:48","modified_gmt":"2020-05-12T09:04:48","slug":"vatreni-cunjevi-eco","status":"publish","type":"product","link":"https:\/\/talenti.hr\/?product=vatreni-cunjevi-eco","title":{"rendered":"Vatreni \u010dunjevi ECO"},"content":{"rendered":"<p>Namijenjeni su onima koji tek po\u010dinju sa vatrenim \u017eongliranjem,,ali i za iskusne &#8221; vatrene ma\u010dke &#8220;.Imaju pri\u010dvr\u0161\u0107enu kevlar traku velike gusto\u0107e \u0161irine 50 mm i dobar hvat pri rukovanju.<\/p>\n","protected":false},"excerpt":{"rendered":"<ul>\n<li>Cijena je za 1 komad !!<\/li>\n<li>Te\u017eina:248 g<\/li>\n<li>Du\u017eina: 50 &#8230;<br \/>\n","protected":false},"featured_media":3018,"comment_status":"open","ping_status":"closed","template":"","meta":[],"product_brand":[],"product_cat":[152,155,157,149],"product_tag":[227,234,281,235],"class_list":{"0":"post-1888","1":"product","2":"type-product","3":"status-publish","4":"has-post-thumbnail","6":"product_cat-cunjevi","7":"product_cat-poivrtnja-i-swinging","8":"product_cat-vatreni-rekviziti","9":"product_cat-zongliranje","10":"product_tag-cunjevi","11":"product_tag-eco","12":"product_tag-play","13":"product_tag-vatreni","15":"first","16":"instock","17":"taxable","18":"shipping-taxable","19":"purchasable","20":"product-type-simple"},"_links":{"self":[{"href":"https:\/\/talenti.hr\/index.php?rest_route=\/wp\/v2\/product\/1888","targetHints":{"allow":["GET"]}}],"collection":[{"href":"https:\/\/talenti.hr\/index.php?rest_route=\/wp\/v2\/product"}],"about":[{"href":"https:\/\/talenti.hr\/index.php?rest_route=\/wp\/v2\/types\/product"}],"replies":[{"embeddable":true,"href":"https:\/\/talenti.hr\/index.php?rest_route=%2Fwp%2Fv2%2Fcomments&post=1888"}],"wp:featuredmedia":[{"embeddable":true,"href":"https:\/\/talenti.hr\/index.php?rest_route=\/wp\/v2\/media\/3018"}],"wp:attachment":[{"href":"https:\/\/talenti.hr\/index.php?rest_route=%2Fwp%2Fv2%2Fmedia&parent=1888"}],"wp:term":[{"taxonomy":"product_brand","embeddable":true,"href":"https:\/\/talenti.hr\/index.php?rest_route=%2Fwp%2Fv2%2Fproduct_brand&post=1888"},{"taxonomy":"product_cat","embeddable":true,"href":"https:\/\/talenti.hr\/index.php?rest_route=%2Fwp%2Fv2%2Fproduct_cat&post=1888"},{"taxonomy":"product_tag","embeddable":true,"href":"https:\/\/talenti.hr\/index.php?rest_route=%2Fwp%2Fv2%2Fproduct_tag&post=1888"}],"curies":[{"name":"wp","href":"https:\/\/api.w.org\/{rel}","templated":true}]}}