{"id":1918,"date":"2020-03-29T19:17:16","date_gmt":"2020-03-29T17:17:16","guid":{"rendered":"https:\/\/talenti.hr\/?post_type=product&#038;p=1918"},"modified":"2020-04-23T12:07:01","modified_gmt":"2020-04-23T10:07:01","slug":"flowerstick-play","status":"publish","type":"product","link":"https:\/\/talenti.hr\/?product=flowerstick-play","title":{"rendered":"Flowerstick Play"},"content":{"rendered":"<div class=\"s_tabs grid_12 alpha omega ui-tabs ui-widget ui-widget-content ui-corner-all\">\n<div class=\"s_tab_box\">\n<div id=\"product_description\" class=\"ui-tabs-panel ui-widget-content ui-corner-bottom\">\n<p>Flowerstick Play je namijenjen po\u010detnicima \u017eongliranja s devil \u0161tapom. Lak\u0161i je od uobi\u010dajenih devil \u0161tapova.<\/p>\n<\/div>\n<\/div>\n<\/div>\n<div id=\"related_products\" class=\"grid_12 alpha omega\">\n<h2 class=\"s_title_1\"><\/h2>\n<\/div>\n","protected":false},"excerpt":{"rendered":"<ul>\n<li>Cijena je bez palica!!<\/li>\n<li>Te\u017eina: 175 g<\/li>\n<li>Du\u017eina: 70 cm<\/li>\n<p> &#8230; <\/p>\n","protected":false},"featured_media":1920,"comment_status":"open","ping_status":"closed","template":"","meta":[],"product_brand":[],"product_cat":[153,149],"product_tag":[279,281],"class_list":{"0":"post-1918","1":"product","2":"type-product","3":"status-publish","4":"has-post-thumbnail","6":"product_cat-devilsticks-i-flowersticks","7":"product_cat-zongliranje","8":"product_tag-flowerstick","9":"product_tag-play","11":"first","12":"instock","13":"taxable","14":"shipping-taxable","15":"purchasable","16":"product-type-simple"},"_links":{"self":[{"href":"https:\/\/talenti.hr\/index.php?rest_route=\/wp\/v2\/product\/1918","targetHints":{"allow":["GET"]}}],"collection":[{"href":"https:\/\/talenti.hr\/index.php?rest_route=\/wp\/v2\/product"}],"about":[{"href":"https:\/\/talenti.hr\/index.php?rest_route=\/wp\/v2\/types\/product"}],"replies":[{"embeddable":true,"href":"https:\/\/talenti.hr\/index.php?rest_route=%2Fwp%2Fv2%2Fcomments&post=1918"}],"wp:featuredmedia":[{"embeddable":true,"href":"https:\/\/talenti.hr\/index.php?rest_route=\/wp\/v2\/media\/1920"}],"wp:attachment":[{"href":"https:\/\/talenti.hr\/index.php?rest_route=%2Fwp%2Fv2%2Fmedia&parent=1918"}],"wp:term":[{"taxonomy":"product_brand","embeddable":true,"href":"https:\/\/talenti.hr\/index.php?rest_route=%2Fwp%2Fv2%2Fproduct_brand&post=1918"},{"taxonomy":"product_cat","embeddable":true,"href":"https:\/\/talenti.hr\/index.php?rest_route=%2Fwp%2Fv2%2Fproduct_cat&post=1918"},{"taxonomy":"product_tag","embeddable":true,"href":"https:\/\/talenti.hr\/index.php?rest_route=%2Fwp%2Fv2%2Fproduct_tag&post=1918"}],"curies":[{"name":"wp","href":"https:\/\/api.w.org\/{rel}","templated":true}]}}