{"id":1924,"date":"2020-03-29T19:21:32","date_gmt":"2020-03-29T17:21:32","guid":{"rendered":"https:\/\/talenti.hr\/?post_type=product&#038;p=1924"},"modified":"2020-04-23T12:02:10","modified_gmt":"2020-04-23T10:02:10","slug":"flowerstick-play-silikon","status":"publish","type":"product","link":"https:\/\/talenti.hr\/?product=flowerstick-play-silikon","title":{"rendered":"Flowerstick Play Silikon"},"content":{"rendered":"<p><span style=\"float: none;background-color: #ffffff;color: #333333;font-family: 'Lucida Sans Unicode', 'Lucida Grande', Arial, Helvetica, sans-serif;font-size: 14px;font-variant: normal;letter-spacing: normal;text-align: left;text-decoration: none;text-indent: 0px;text-transform: none\">F<\/span><span style=\"float: none;background-color: #ffffff;color: #333333;font-family: 'Lucida Sans Unicode', 'Lucida Grande', Arial, Helvetica, sans-serif;font-size: 14px;font-variant: normal;letter-spacing: normal;text-align: left;text-decoration: none;text-indent: 0px;text-transform: none\">lowerstick Play Silikon je namijenjen po\u010detnicima \u017eongliranja s devil \u0161tapom. Lak\u0161i je od uobi\u010dajenih devil \u0161tapova. Materijal (silikon) s kojim je oblo\u017een ima izuzetno dobar hvat.<\/span><\/p>\n","protected":false},"excerpt":{"rendered":"<ul>\n<li>Cijena je bez palica!!<\/li>\n<li>Te\u017eina: 195 g<\/li>\n<li>Du\u017eina: 70 cm<\/li>\n<p> &#8230; <\/p>\n","protected":false},"featured_media":1926,"comment_status":"open","ping_status":"closed","template":"","meta":[],"product_brand":[],"product_cat":[153,149],"product_tag":[279,281,282],"class_list":{"0":"post-1924","1":"product","2":"type-product","3":"status-publish","4":"has-post-thumbnail","6":"product_cat-devilsticks-i-flowersticks","7":"product_cat-zongliranje","8":"product_tag-flowerstick","9":"product_tag-play","10":"product_tag-silikon","12":"first","13":"instock","14":"taxable","15":"shipping-taxable","16":"purchasable","17":"product-type-simple"},"_links":{"self":[{"href":"https:\/\/talenti.hr\/index.php?rest_route=\/wp\/v2\/product\/1924","targetHints":{"allow":["GET"]}}],"collection":[{"href":"https:\/\/talenti.hr\/index.php?rest_route=\/wp\/v2\/product"}],"about":[{"href":"https:\/\/talenti.hr\/index.php?rest_route=\/wp\/v2\/types\/product"}],"replies":[{"embeddable":true,"href":"https:\/\/talenti.hr\/index.php?rest_route=%2Fwp%2Fv2%2Fcomments&post=1924"}],"wp:featuredmedia":[{"embeddable":true,"href":"https:\/\/talenti.hr\/index.php?rest_route=\/wp\/v2\/media\/1926"}],"wp:attachment":[{"href":"https:\/\/talenti.hr\/index.php?rest_route=%2Fwp%2Fv2%2Fmedia&parent=1924"}],"wp:term":[{"taxonomy":"product_brand","embeddable":true,"href":"https:\/\/talenti.hr\/index.php?rest_route=%2Fwp%2Fv2%2Fproduct_brand&post=1924"},{"taxonomy":"product_cat","embeddable":true,"href":"https:\/\/talenti.hr\/index.php?rest_route=%2Fwp%2Fv2%2Fproduct_cat&post=1924"},{"taxonomy":"product_tag","embeddable":true,"href":"https:\/\/talenti.hr\/index.php?rest_route=%2Fwp%2Fv2%2Fproduct_tag&post=1924"}],"curies":[{"name":"wp","href":"https:\/\/api.w.org\/{rel}","templated":true}]}}