{"id":1927,"date":"2020-03-29T19:22:53","date_gmt":"2020-03-29T17:22:53","guid":{"rendered":"https:\/\/talenti.hr\/?post_type=product&#038;p=1927"},"modified":"2020-04-23T11:09:37","modified_gmt":"2020-04-23T09:09:37","slug":"devilstick-palice-power-control","status":"publish","type":"product","link":"https:\/\/talenti.hr\/?product=devilstick-palice-power-control","title":{"rendered":"Devilstick palice Power Control"},"content":{"rendered":"<p>Devilstick palice Power Control su \u010dvrste, elegantne i lagane palice za devil i flowerstick (i za gore\u0107i ) napravljene od staklenih vlakana ( fiberglass ) i posve oblo\u017eene gumiranim silikonom.<\/p>\n","protected":false},"excerpt":{"rendered":"<ul>\n<li>Cijena za 1 par palica!!<\/li>\n<li>Te\u017eina: 160 g \/ par<\/li>\n<p> &#8230; <\/p>\n","protected":false},"featured_media":1929,"comment_status":"open","ping_status":"closed","template":"","meta":[],"product_brand":[],"product_cat":[153,149],"product_tag":[274,272,220,273],"class_list":{"0":"post-1927","1":"product","2":"type-product","3":"status-publish","4":"has-post-thumbnail","6":"product_cat-devilsticks-i-flowersticks","7":"product_cat-zongliranje","8":"product_tag-control","9":"product_tag-devilstick","10":"product_tag-palice","11":"product_tag-power","13":"first","14":"instock","15":"taxable","16":"shipping-taxable","17":"purchasable","18":"product-type-simple"},"_links":{"self":[{"href":"https:\/\/talenti.hr\/index.php?rest_route=\/wp\/v2\/product\/1927","targetHints":{"allow":["GET"]}}],"collection":[{"href":"https:\/\/talenti.hr\/index.php?rest_route=\/wp\/v2\/product"}],"about":[{"href":"https:\/\/talenti.hr\/index.php?rest_route=\/wp\/v2\/types\/product"}],"replies":[{"embeddable":true,"href":"https:\/\/talenti.hr\/index.php?rest_route=%2Fwp%2Fv2%2Fcomments&post=1927"}],"wp:featuredmedia":[{"embeddable":true,"href":"https:\/\/talenti.hr\/index.php?rest_route=\/wp\/v2\/media\/1929"}],"wp:attachment":[{"href":"https:\/\/talenti.hr\/index.php?rest_route=%2Fwp%2Fv2%2Fmedia&parent=1927"}],"wp:term":[{"taxonomy":"product_brand","embeddable":true,"href":"https:\/\/talenti.hr\/index.php?rest_route=%2Fwp%2Fv2%2Fproduct_brand&post=1927"},{"taxonomy":"product_cat","embeddable":true,"href":"https:\/\/talenti.hr\/index.php?rest_route=%2Fwp%2Fv2%2Fproduct_cat&post=1927"},{"taxonomy":"product_tag","embeddable":true,"href":"https:\/\/talenti.hr\/index.php?rest_route=%2Fwp%2Fv2%2Fproduct_tag&post=1927"}],"curies":[{"name":"wp","href":"https:\/\/api.w.org\/{rel}","templated":true}]}}