{"id":1942,"date":"2020-03-29T19:34:01","date_gmt":"2020-03-29T17:34:01","guid":{"rendered":"https:\/\/talenti.hr\/?post_type=product&#038;p=1942"},"modified":"2020-04-22T14:31:38","modified_gmt":"2020-04-22T12:31:38","slug":"diabolo-carousel-s-lezajevima","status":"publish","type":"product","link":"https:\/\/talenti.hr\/?product=diabolo-carousel-s-lezajevima","title":{"rendered":"Diabolo Carousel s le\u017eajevima"},"content":{"rendered":"<p>Diabolo Carousel s le\u017eajevima jedan je od najcjenjenijih diabola s le\u017eajevima na tr\u017ei\u0161tu.Odli\u010dan je za po\u010detnike.Spada me\u0111u manje diabole.Izra\u0111en je od izdr\u017eljive plastike.<\/p>\n<p>&nbsp;<\/p>\n","protected":false},"excerpt":{"rendered":"<ul>\n<li>Cijena je bez palica!!<\/li>\n<li>Te\u017eina: 208 g<\/li>\n<li>Promjer: 105 mm<\/li>\n<p> &#8230; <\/p>\n","protected":false},"featured_media":1944,"comment_status":"open","ping_status":"closed","template":"","meta":[],"product_brand":[],"product_cat":[151,149],"product_tag":[211,210,214],"class_list":{"0":"post-1942","1":"product","2":"type-product","3":"status-publish","4":"has-post-thumbnail","6":"product_cat-diabolo-i-palice","7":"product_cat-zongliranje","8":"product_tag-carousel","9":"product_tag-diabolo","10":"product_tag-lezajevi","12":"first","13":"instock","14":"taxable","15":"shipping-taxable","16":"purchasable","17":"product-type-simple"},"_links":{"self":[{"href":"https:\/\/talenti.hr\/index.php?rest_route=\/wp\/v2\/product\/1942","targetHints":{"allow":["GET"]}}],"collection":[{"href":"https:\/\/talenti.hr\/index.php?rest_route=\/wp\/v2\/product"}],"about":[{"href":"https:\/\/talenti.hr\/index.php?rest_route=\/wp\/v2\/types\/product"}],"replies":[{"embeddable":true,"href":"https:\/\/talenti.hr\/index.php?rest_route=%2Fwp%2Fv2%2Fcomments&post=1942"}],"wp:featuredmedia":[{"embeddable":true,"href":"https:\/\/talenti.hr\/index.php?rest_route=\/wp\/v2\/media\/1944"}],"wp:attachment":[{"href":"https:\/\/talenti.hr\/index.php?rest_route=%2Fwp%2Fv2%2Fmedia&parent=1942"}],"wp:term":[{"taxonomy":"product_brand","embeddable":true,"href":"https:\/\/talenti.hr\/index.php?rest_route=%2Fwp%2Fv2%2Fproduct_brand&post=1942"},{"taxonomy":"product_cat","embeddable":true,"href":"https:\/\/talenti.hr\/index.php?rest_route=%2Fwp%2Fv2%2Fproduct_cat&post=1942"},{"taxonomy":"product_tag","embeddable":true,"href":"https:\/\/talenti.hr\/index.php?rest_route=%2Fwp%2Fv2%2Fproduct_tag&post=1942"}],"curies":[{"name":"wp","href":"https:\/\/api.w.org\/{rel}","templated":true}]}}