{"id":1946,"date":"2020-03-29T19:39:03","date_gmt":"2020-03-29T17:39:03","guid":{"rendered":"https:\/\/talenti.hr\/?post_type=product&#038;p=1946"},"modified":"2020-04-22T14:29:25","modified_gmt":"2020-04-22T12:29:25","slug":"diabolo-comet","status":"publish","type":"product","link":"https:\/\/talenti.hr\/?product=diabolo-comet","title":{"rendered":"Diabolo Comet"},"content":{"rendered":"<p>Diabolo Comet namijenjen je onima koji se \u017eele oku\u0161ati sa srednje velikim diabolom na ekonomi\u010dan na\u010din,jer je najekonomi\u010dniji u srednjem razredu. Napravljen je od plastike. Dostupan je i u MOON verziji koja svijetli u mraku.<\/p>\n","protected":false},"excerpt":{"rendered":"<ul>\n<li>Cijena je bez palica!!<\/li>\n<li>Te\u017eina: 225 g<\/li>\n<li>Promjer: 125 mm<\/li>\n<p> &#8230; <\/p>\n","protected":false},"featured_media":1948,"comment_status":"open","ping_status":"closed","template":"","meta":[],"product_brand":[],"product_cat":[151,149],"product_tag":[213,210],"class_list":{"0":"post-1946","1":"product","2":"type-product","3":"status-publish","4":"has-post-thumbnail","6":"product_cat-diabolo-i-palice","7":"product_cat-zongliranje","8":"product_tag-comet","9":"product_tag-diabolo","11":"first","12":"instock","13":"taxable","14":"shipping-taxable","15":"purchasable","16":"product-type-simple"},"_links":{"self":[{"href":"https:\/\/talenti.hr\/index.php?rest_route=\/wp\/v2\/product\/1946","targetHints":{"allow":["GET"]}}],"collection":[{"href":"https:\/\/talenti.hr\/index.php?rest_route=\/wp\/v2\/product"}],"about":[{"href":"https:\/\/talenti.hr\/index.php?rest_route=\/wp\/v2\/types\/product"}],"replies":[{"embeddable":true,"href":"https:\/\/talenti.hr\/index.php?rest_route=%2Fwp%2Fv2%2Fcomments&post=1946"}],"wp:featuredmedia":[{"embeddable":true,"href":"https:\/\/talenti.hr\/index.php?rest_route=\/wp\/v2\/media\/1948"}],"wp:attachment":[{"href":"https:\/\/talenti.hr\/index.php?rest_route=%2Fwp%2Fv2%2Fmedia&parent=1946"}],"wp:term":[{"taxonomy":"product_brand","embeddable":true,"href":"https:\/\/talenti.hr\/index.php?rest_route=%2Fwp%2Fv2%2Fproduct_brand&post=1946"},{"taxonomy":"product_cat","embeddable":true,"href":"https:\/\/talenti.hr\/index.php?rest_route=%2Fwp%2Fv2%2Fproduct_cat&post=1946"},{"taxonomy":"product_tag","embeddable":true,"href":"https:\/\/talenti.hr\/index.php?rest_route=%2Fwp%2Fv2%2Fproduct_tag&post=1946"}],"curies":[{"name":"wp","href":"https:\/\/api.w.org\/{rel}","templated":true}]}}