{"id":1959,"date":"2020-03-29T19:48:54","date_gmt":"2020-03-29T17:48:54","guid":{"rendered":"https:\/\/talenti.hr\/?post_type=product&#038;p=1959"},"modified":"2020-04-22T14:26:53","modified_gmt":"2020-04-22T12:26:53","slug":"diabolo-fire","status":"publish","type":"product","link":"https:\/\/talenti.hr\/?product=diabolo-fire","title":{"rendered":"Vatreni diabolo"},"content":{"rendered":"<p>Vatreni diabolo\u00a0 koriste dobri znalci jer mu zbog metalne konstrukcije \u0161tete pre\u010desti udarci u pod.Koristi se za vajnsku upotrebu na no\u0107nim nastupima.Dolazi u kompletu s platnenom vre\u0107icom,plasti\u010dnom bo\u010dicom i kevlarskom niti koju koristimo umjesto obi\u010dne koja se lako uni\u0161ti na visokim temperaturama.<\/p>\n<p>&nbsp;<\/p>\n","protected":false},"excerpt":{"rendered":"<ul>\n<li>Cijena je bez palica!!<\/li>\n<li>Te\u017eina: 340 g<\/li>\n<li>Promjer: 110 mm<\/li>\n<p> &#8230; <\/p>\n","protected":false},"featured_media":1963,"comment_status":"open","ping_status":"closed","template":"","meta":[],"product_brand":[],"product_cat":[151,157,149],"product_tag":[210,235],"class_list":{"0":"post-1959","1":"product","2":"type-product","3":"status-publish","4":"has-post-thumbnail","6":"product_cat-diabolo-i-palice","7":"product_cat-vatreni-rekviziti","8":"product_cat-zongliranje","9":"product_tag-diabolo","10":"product_tag-vatreni","12":"first","13":"instock","14":"taxable","15":"shipping-taxable","16":"purchasable","17":"product-type-simple"},"_links":{"self":[{"href":"https:\/\/talenti.hr\/index.php?rest_route=\/wp\/v2\/product\/1959","targetHints":{"allow":["GET"]}}],"collection":[{"href":"https:\/\/talenti.hr\/index.php?rest_route=\/wp\/v2\/product"}],"about":[{"href":"https:\/\/talenti.hr\/index.php?rest_route=\/wp\/v2\/types\/product"}],"replies":[{"embeddable":true,"href":"https:\/\/talenti.hr\/index.php?rest_route=%2Fwp%2Fv2%2Fcomments&post=1959"}],"wp:featuredmedia":[{"embeddable":true,"href":"https:\/\/talenti.hr\/index.php?rest_route=\/wp\/v2\/media\/1963"}],"wp:attachment":[{"href":"https:\/\/talenti.hr\/index.php?rest_route=%2Fwp%2Fv2%2Fmedia&parent=1959"}],"wp:term":[{"taxonomy":"product_brand","embeddable":true,"href":"https:\/\/talenti.hr\/index.php?rest_route=%2Fwp%2Fv2%2Fproduct_brand&post=1959"},{"taxonomy":"product_cat","embeddable":true,"href":"https:\/\/talenti.hr\/index.php?rest_route=%2Fwp%2Fv2%2Fproduct_cat&post=1959"},{"taxonomy":"product_tag","embeddable":true,"href":"https:\/\/talenti.hr\/index.php?rest_route=%2Fwp%2Fv2%2Fproduct_tag&post=1959"}],"curies":[{"name":"wp","href":"https:\/\/api.w.org\/{rel}","templated":true}]}}