{"id":2001,"date":"2020-03-29T20:22:11","date_gmt":"2020-03-29T18:22:11","guid":{"rendered":"https:\/\/talenti.hr\/?post_type=product&#038;p=2001"},"modified":"2020-04-22T14:18:28","modified_gmt":"2020-04-22T12:18:28","slug":"diabolo-palice-alu-geko","status":"publish","type":"product","link":"https:\/\/talenti.hr\/?product=diabolo-palice-alu-geko","title":{"rendered":"Diabolo palice Alu Geko"},"content":{"rendered":"<p>Diabolo palice Alu Geko omogu\u0107uju odli\u010dnu izvedbu trikova &#8221; sliding &#8221; kad diabolo kli\u017ee po palici.Odlikuje ih nekli\u017eu\u0107a gumena dr\u0161ka \u0161to jo\u0161 vi\u0161e pove\u0107ava kontrolu nad diabolom.Dostupne su u raznim bojama.Prilo\u017eena je i nit.<\/p>\n","protected":false},"excerpt":{"rendered":"<ul>\n<li>Te\u017eina: 95 g<\/li>\n<li>Du\u017eina: 32 cm<\/li>\n<li>Boje: bijela,crvena,naran\u010dasta,\u017euta,plava,roza<\/li>\n<li>Rok isporuke: &#8230;<br \/>\n","protected":false},"featured_media":2003,"comment_status":"open","ping_status":"closed","template":"","meta":[],"product_brand":[],"product_cat":[151,149],"product_tag":[224,210,225,220],"class_list":{"0":"post-2001","1":"product","2":"type-product","3":"status-publish","4":"has-post-thumbnail","6":"product_cat-diabolo-i-palice","7":"product_cat-zongliranje","8":"product_tag-alu","9":"product_tag-diabolo","10":"product_tag-geko","11":"product_tag-palice","13":"first","14":"instock","15":"taxable","16":"shipping-taxable","17":"purchasable","18":"product-type-simple"},"_links":{"self":[{"href":"https:\/\/talenti.hr\/index.php?rest_route=\/wp\/v2\/product\/2001","targetHints":{"allow":["GET"]}}],"collection":[{"href":"https:\/\/talenti.hr\/index.php?rest_route=\/wp\/v2\/product"}],"about":[{"href":"https:\/\/talenti.hr\/index.php?rest_route=\/wp\/v2\/types\/product"}],"replies":[{"embeddable":true,"href":"https:\/\/talenti.hr\/index.php?rest_route=%2Fwp%2Fv2%2Fcomments&post=2001"}],"wp:featuredmedia":[{"embeddable":true,"href":"https:\/\/talenti.hr\/index.php?rest_route=\/wp\/v2\/media\/2003"}],"wp:attachment":[{"href":"https:\/\/talenti.hr\/index.php?rest_route=%2Fwp%2Fv2%2Fmedia&parent=2001"}],"wp:term":[{"taxonomy":"product_brand","embeddable":true,"href":"https:\/\/talenti.hr\/index.php?rest_route=%2Fwp%2Fv2%2Fproduct_brand&post=2001"},{"taxonomy":"product_cat","embeddable":true,"href":"https:\/\/talenti.hr\/index.php?rest_route=%2Fwp%2Fv2%2Fproduct_cat&post=2001"},{"taxonomy":"product_tag","embeddable":true,"href":"https:\/\/talenti.hr\/index.php?rest_route=%2Fwp%2Fv2%2Fproduct_tag&post=2001"}],"curies":[{"name":"wp","href":"https:\/\/api.w.org\/{rel}","templated":true}]}}