{"id":2016,"date":"2020-03-29T20:30:48","date_gmt":"2020-03-29T18:30:48","guid":{"rendered":"https:\/\/talenti.hr\/?post_type=product&#038;p=2016"},"modified":"2020-04-22T14:02:33","modified_gmt":"2020-04-22T12:02:33","slug":"diabolo-palice-fiber","status":"publish","type":"product","link":"https:\/\/talenti.hr\/?product=diabolo-palice-fiber","title":{"rendered":"Diabolo palice Fiber"},"content":{"rendered":"<p>Diabolo palice Fiber napravljene su od fiberglasa odnosno staklenih vlakana. Namijenjene su pravim profesionalcima diabola. Plasti\u010dna prevlaka sprije\u010dava da kod mogu\u0107eg loma palice staklena vlakna ne povrijede korisnika. Dr\u0161ka je iz lake spu\u017eve. Prilo\u017eena je i nit.<\/p>\n","protected":false},"excerpt":{"rendered":"<ul>\n<li>Du\u017eina: 32 cm<\/li>\n<li>Boja:crna,bijela,crvena,naran\u010dasta,plava,zelena<\/li>\n<li>Rok isporuke: 5 do 7 dana<\/li>\n<p> &#8230; <\/p>\n","protected":false},"featured_media":2018,"comment_status":"open","ping_status":"closed","template":"","meta":[],"product_brand":[],"product_cat":[151,149],"product_tag":[210,221,220],"class_list":{"0":"post-2016","1":"product","2":"type-product","3":"status-publish","4":"has-post-thumbnail","6":"product_cat-diabolo-i-palice","7":"product_cat-zongliranje","8":"product_tag-diabolo","9":"product_tag-fiber","10":"product_tag-palice","12":"first","13":"instock","14":"taxable","15":"shipping-taxable","16":"purchasable","17":"product-type-simple"},"_links":{"self":[{"href":"https:\/\/talenti.hr\/index.php?rest_route=\/wp\/v2\/product\/2016","targetHints":{"allow":["GET"]}}],"collection":[{"href":"https:\/\/talenti.hr\/index.php?rest_route=\/wp\/v2\/product"}],"about":[{"href":"https:\/\/talenti.hr\/index.php?rest_route=\/wp\/v2\/types\/product"}],"replies":[{"embeddable":true,"href":"https:\/\/talenti.hr\/index.php?rest_route=%2Fwp%2Fv2%2Fcomments&post=2016"}],"wp:featuredmedia":[{"embeddable":true,"href":"https:\/\/talenti.hr\/index.php?rest_route=\/wp\/v2\/media\/2018"}],"wp:attachment":[{"href":"https:\/\/talenti.hr\/index.php?rest_route=%2Fwp%2Fv2%2Fmedia&parent=2016"}],"wp:term":[{"taxonomy":"product_brand","embeddable":true,"href":"https:\/\/talenti.hr\/index.php?rest_route=%2Fwp%2Fv2%2Fproduct_brand&post=2016"},{"taxonomy":"product_cat","embeddable":true,"href":"https:\/\/talenti.hr\/index.php?rest_route=%2Fwp%2Fv2%2Fproduct_cat&post=2016"},{"taxonomy":"product_tag","embeddable":true,"href":"https:\/\/talenti.hr\/index.php?rest_route=%2Fwp%2Fv2%2Fproduct_tag&post=2016"}],"curies":[{"name":"wp","href":"https:\/\/api.w.org\/{rel}","templated":true}]}}