{"id":2019,"date":"2020-03-29T20:31:52","date_gmt":"2020-03-29T18:31:52","guid":{"rendered":"https:\/\/talenti.hr\/?post_type=product&#038;p=2019"},"modified":"2020-04-22T14:01:01","modified_gmt":"2020-04-22T12:01:01","slug":"diabolo-palice-karbon","status":"publish","type":"product","link":"https:\/\/talenti.hr\/?product=diabolo-palice-karbon","title":{"rendered":"Diabolo palice Karbon"},"content":{"rendered":"<p>Diabolo palice Karbon namijenjene su pravim profesionalcima diabola. Izuzetno su \u010dvrste i lagane. Dostupne su u pet razli\u010ditih boja. Iako su po izgledu nalik na palice &#8221; Fiber &#8221; karbonske su tvr\u0111e i malo lak\u0161e.<\/p>\n","protected":false},"excerpt":{"rendered":"<ul>\n<li>Du\u017eina: 32 cm<\/li>\n<li>Boja: crna,crvena,naran\u010dasta,plava,zelena<\/li>\n<li>Rok isporuke: 5 do 7 &#8230;<br \/>\n","protected":false},"featured_media":2021,"comment_status":"open","ping_status":"closed","template":"","meta":[],"product_brand":[],"product_cat":[151,149],"product_tag":[210,226,220],"class_list":{"0":"post-2019","1":"product","2":"type-product","3":"status-publish","4":"has-post-thumbnail","6":"product_cat-diabolo-i-palice","7":"product_cat-zongliranje","8":"product_tag-diabolo","9":"product_tag-karbon","10":"product_tag-palice","12":"first","13":"instock","14":"taxable","15":"shipping-taxable","16":"purchasable","17":"product-type-simple"},"_links":{"self":[{"href":"https:\/\/talenti.hr\/index.php?rest_route=\/wp\/v2\/product\/2019","targetHints":{"allow":["GET"]}}],"collection":[{"href":"https:\/\/talenti.hr\/index.php?rest_route=\/wp\/v2\/product"}],"about":[{"href":"https:\/\/talenti.hr\/index.php?rest_route=\/wp\/v2\/types\/product"}],"replies":[{"embeddable":true,"href":"https:\/\/talenti.hr\/index.php?rest_route=%2Fwp%2Fv2%2Fcomments&post=2019"}],"wp:featuredmedia":[{"embeddable":true,"href":"https:\/\/talenti.hr\/index.php?rest_route=\/wp\/v2\/media\/2021"}],"wp:attachment":[{"href":"https:\/\/talenti.hr\/index.php?rest_route=%2Fwp%2Fv2%2Fmedia&parent=2019"}],"wp:term":[{"taxonomy":"product_brand","embeddable":true,"href":"https:\/\/talenti.hr\/index.php?rest_route=%2Fwp%2Fv2%2Fproduct_brand&post=2019"},{"taxonomy":"product_cat","embeddable":true,"href":"https:\/\/talenti.hr\/index.php?rest_route=%2Fwp%2Fv2%2Fproduct_cat&post=2019"},{"taxonomy":"product_tag","embeddable":true,"href":"https:\/\/talenti.hr\/index.php?rest_route=%2Fwp%2Fv2%2Fproduct_tag&post=2019"}],"curies":[{"name":"wp","href":"https:\/\/api.w.org\/{rel}","templated":true}]}}