{"id":2025,"date":"2020-03-29T21:02:26","date_gmt":"2020-03-29T19:02:26","guid":{"rendered":"https:\/\/talenti.hr\/?post_type=product&#038;p=2025"},"modified":"2020-05-11T14:12:52","modified_gmt":"2020-05-11T12:12:52","slug":"drvena-slagalica-dinosauri","status":"publish","type":"product","link":"https:\/\/talenti.hr\/?product=drvena-slagalica-dinosauri","title":{"rendered":"Drvena slagalica-dinosauri"},"content":{"rendered":"<p>\u010cvrsta drvena slagalica ima 7 drvenih figurica sa likovima dinosaura i mnogo elemenata igre,ali i pou\u010dnih vrijednosti.Svaka drvena \u017eivotinjica je deblja i vi\u0161a od osnovne plo\u010de pa ih djeca lako uhvate i mi\u010du,a mogu i samostalno stajati i bez plo\u010de na ravnoj podlozi pa omogu\u0107uju igru i bez plo\u010de.Mogu poslu\u017eiti i kao predlo\u017eak za crtanje.Pod svakim komadom slagalice je polje jednake boje kao i odgovaraju\u0107a \u017eivotinjica pa dijete lak\u0161e na\u0111e pravo mjesto.<\/p>\n<p>Primjereno za djecu od 18 mjeseci navi\u0161e.<\/p>\n","protected":false},"excerpt":{"rendered":"<div class=\"woocommerce-product-details__short-description\">\n<ul>\n<li>Veli\u010dina slagalice: 30 x 21 x 2,1 cm<\/li>\n<p> &#8230; <\/p>\n","protected":false},"featured_media":3855,"comment_status":"open","ping_status":"closed","template":"","meta":[],"product_brand":[],"product_cat":[161,160],"product_tag":[607,601,462,592],"class_list":{"0":"post-2025","1":"product","2":"type-product","3":"status-publish","4":"has-post-thumbnail","6":"product_cat-didakticne-poucne-igracke","7":"product_cat-igracke","8":"product_tag-dinosauri","9":"product_tag-drvena","10":"product_tag-janod","11":"product_tag-slagalica","13":"first","14":"instock","15":"taxable","16":"shipping-taxable","17":"purchasable","18":"product-type-simple"},"_links":{"self":[{"href":"https:\/\/talenti.hr\/index.php?rest_route=\/wp\/v2\/product\/2025","targetHints":{"allow":["GET"]}}],"collection":[{"href":"https:\/\/talenti.hr\/index.php?rest_route=\/wp\/v2\/product"}],"about":[{"href":"https:\/\/talenti.hr\/index.php?rest_route=\/wp\/v2\/types\/product"}],"replies":[{"embeddable":true,"href":"https:\/\/talenti.hr\/index.php?rest_route=%2Fwp%2Fv2%2Fcomments&post=2025"}],"wp:featuredmedia":[{"embeddable":true,"href":"https:\/\/talenti.hr\/index.php?rest_route=\/wp\/v2\/media\/3855"}],"wp:attachment":[{"href":"https:\/\/talenti.hr\/index.php?rest_route=%2Fwp%2Fv2%2Fmedia&parent=2025"}],"wp:term":[{"taxonomy":"product_brand","embeddable":true,"href":"https:\/\/talenti.hr\/index.php?rest_route=%2Fwp%2Fv2%2Fproduct_brand&post=2025"},{"taxonomy":"product_cat","embeddable":true,"href":"https:\/\/talenti.hr\/index.php?rest_route=%2Fwp%2Fv2%2Fproduct_cat&post=2025"},{"taxonomy":"product_tag","embeddable":true,"href":"https:\/\/talenti.hr\/index.php?rest_route=%2Fwp%2Fv2%2Fproduct_tag&post=2025"}],"curies":[{"name":"wp","href":"https:\/\/api.w.org\/{rel}","templated":true}]}}