{"id":2041,"date":"2020-03-29T21:11:02","date_gmt":"2020-03-29T19:11:02","guid":{"rendered":"https:\/\/talenti.hr\/?post_type=product&#038;p=2041"},"modified":"2020-05-09T14:13:23","modified_gmt":"2020-05-09T12:13:23","slug":"funny-magnets-divlje-zivotinje","status":"publish","type":"product","link":"https:\/\/talenti.hr\/?product=funny-magnets-divlje-zivotinje","title":{"rendered":"Funny Magnets-divlje \u017eivotinje"},"content":{"rendered":"<p>Funny magnets-divlje \u017eivotinje je komplet od 3 drvene \u017eivotinjice ( slon,lav,\u017eirafa ) napravljene od 3 dijela pa je savr\u0161en za male ruke da ih sastavljaju kao puzzle.Dijelovi se sla\u017eu zajedno pomo\u0107u sigurno ugra\u0111enih magneta.\u017divotinjice su izra\u0111ene od dobro obra\u0111enog drva prema svim sigurnosnim standardima,obojane su bojama prijateljskim prema ljudima i okoli\u0161u.<br \/>\nOblikovane su u Francuskoj,izra\u0111ene vrlo kvalitetno pa su izdr\u017eljive i traju dugo.Komplet ima 9 dijelova.<\/p>\n<p>Primjereno za djecu od 18 mjeseci navi\u0161e!<\/p>\n","protected":false},"excerpt":{"rendered":"<ul>\n<li>Veli\u010dina figura: 14 x 9 x 1,5 cm<\/li>\n<li>Rok isporuke: &#8230;<br \/>\n","protected":false},"featured_media":3791,"comment_status":"open","ping_status":"closed","template":"","meta":[],"product_brand":[],"product_cat":[161,160],"product_tag":[574,572,573,575],"class_list":{"0":"post-2041","1":"product","2":"type-product","3":"status-publish","4":"has-post-thumbnail","6":"product_cat-didakticne-poucne-igracke","7":"product_cat-igracke","8":"product_tag-divlje","9":"product_tag-funny","10":"product_tag-magnets","11":"product_tag-zivotinje","13":"first","14":"instock","15":"taxable","16":"shipping-taxable","17":"purchasable","18":"product-type-simple"},"_links":{"self":[{"href":"https:\/\/talenti.hr\/index.php?rest_route=\/wp\/v2\/product\/2041","targetHints":{"allow":["GET"]}}],"collection":[{"href":"https:\/\/talenti.hr\/index.php?rest_route=\/wp\/v2\/product"}],"about":[{"href":"https:\/\/talenti.hr\/index.php?rest_route=\/wp\/v2\/types\/product"}],"replies":[{"embeddable":true,"href":"https:\/\/talenti.hr\/index.php?rest_route=%2Fwp%2Fv2%2Fcomments&post=2041"}],"wp:featuredmedia":[{"embeddable":true,"href":"https:\/\/talenti.hr\/index.php?rest_route=\/wp\/v2\/media\/3791"}],"wp:attachment":[{"href":"https:\/\/talenti.hr\/index.php?rest_route=%2Fwp%2Fv2%2Fmedia&parent=2041"}],"wp:term":[{"taxonomy":"product_brand","embeddable":true,"href":"https:\/\/talenti.hr\/index.php?rest_route=%2Fwp%2Fv2%2Fproduct_brand&post=2041"},{"taxonomy":"product_cat","embeddable":true,"href":"https:\/\/talenti.hr\/index.php?rest_route=%2Fwp%2Fv2%2Fproduct_cat&post=2041"},{"taxonomy":"product_tag","embeddable":true,"href":"https:\/\/talenti.hr\/index.php?rest_route=%2Fwp%2Fv2%2Fproduct_tag&post=2041"}],"curies":[{"name":"wp","href":"https:\/\/api.w.org\/{rel}","templated":true}]}}