{"id":2053,"date":"2020-03-29T21:18:44","date_gmt":"2020-03-29T19:18:44","guid":{"rendered":"https:\/\/talenti.hr\/?post_type=product&#038;p=2053"},"modified":"2020-03-29T21:18:44","modified_gmt":"2020-03-29T19:18:44","slug":"magnetska-knjiga-dinosauri","status":"publish","type":"product","link":"https:\/\/talenti.hr\/?product=magnetska-knjiga-dinosauri","title":{"rendered":"Magnetska knjiga &#8211; Dinosauri"},"content":{"rendered":"<p>Magnetska knjiga na temu dinosaura omogu\u0107uje da djeca osim same zabave upoznaju i ove lijepe \u017eivotinje pa i slova.<br \/>\nOtvorite knjigu i otkrijte magnete i magnetsku pozadinu.Postavite magnet dinosaura na pozadinu i zatim s magnetskim slovima ispi\u0161ite ime pojedinog dinosaura.<br \/>\nKnjiga sadr\u017ei 20 magnetskih komada dinosaura i 104 magnetskih slova.Svi komadi su lijepo zapaklirani u kutiji u obliku knjige s kojom \u0107e se djeca zabavljati kod ku\u0107e i na putovanjima.<br \/>\nJanod igra\u010dke su oblikovane u Francuskoj,izrada je kvalitetna,zbog \u010dega su njihove igra\u010dke izdr\u017eljive i trajne.<br \/>\nveli\u010dina knjige: 26cm x 19cm x 4cm<br \/>\nprimjerno od 3. godine dalje sve do 8 godina<\/p>\n","protected":false},"excerpt":{"rendered":"<ul>\n<li>Dostupnost: 2 &#8211; 3 dana<\/li>\n<li>Model: MKD<\/li>\n<li>Proizvo\u0111a\u010d: Janod<\/li>\n<\/ul>\n<p> &#8230; <\/p>\n","protected":false},"featured_media":2055,"comment_status":"open","ping_status":"closed","template":"","meta":[],"product_brand":[],"product_cat":[161,160],"product_tag":[],"class_list":{"0":"post-2053","1":"product","2":"type-product","3":"status-publish","4":"has-post-thumbnail","6":"product_cat-didakticne-poucne-igracke","7":"product_cat-igracke","9":"first","10":"instock","11":"taxable","12":"shipping-taxable","13":"purchasable","14":"product-type-simple"},"_links":{"self":[{"href":"https:\/\/talenti.hr\/index.php?rest_route=\/wp\/v2\/product\/2053","targetHints":{"allow":["GET"]}}],"collection":[{"href":"https:\/\/talenti.hr\/index.php?rest_route=\/wp\/v2\/product"}],"about":[{"href":"https:\/\/talenti.hr\/index.php?rest_route=\/wp\/v2\/types\/product"}],"replies":[{"embeddable":true,"href":"https:\/\/talenti.hr\/index.php?rest_route=%2Fwp%2Fv2%2Fcomments&post=2053"}],"wp:featuredmedia":[{"embeddable":true,"href":"https:\/\/talenti.hr\/index.php?rest_route=\/wp\/v2\/media\/2055"}],"wp:attachment":[{"href":"https:\/\/talenti.hr\/index.php?rest_route=%2Fwp%2Fv2%2Fmedia&parent=2053"}],"wp:term":[{"taxonomy":"product_brand","embeddable":true,"href":"https:\/\/talenti.hr\/index.php?rest_route=%2Fwp%2Fv2%2Fproduct_brand&post=2053"},{"taxonomy":"product_cat","embeddable":true,"href":"https:\/\/talenti.hr\/index.php?rest_route=%2Fwp%2Fv2%2Fproduct_cat&post=2053"},{"taxonomy":"product_tag","embeddable":true,"href":"https:\/\/talenti.hr\/index.php?rest_route=%2Fwp%2Fv2%2Fproduct_tag&post=2053"}],"curies":[{"name":"wp","href":"https:\/\/api.w.org\/{rel}","templated":true}]}}