{"id":2056,"date":"2020-03-29T21:20:32","date_gmt":"2020-03-29T19:20:32","guid":{"rendered":"https:\/\/talenti.hr\/?post_type=product&#038;p=2056"},"modified":"2020-05-09T14:36:02","modified_gmt":"2020-05-09T12:36:02","slug":"magnetska-ploca-karta-evrope","status":"publish","type":"product","link":"https:\/\/talenti.hr\/?product=magnetska-ploca-karta-evrope","title":{"rendered":"Magnetska plo\u010da-karta Evrope"},"content":{"rendered":"<p>Magnetska plo\u010da-karta Evrope sastoji se od 37 magnetskih komada koji su slo\u017eeni na drvenoj magnetskoj plo\u010di i zajedno tvore kartu Evrope.Svaki komad predstavlja dr\u017eavu ili pokrajinu i stavlja se na polje sa odgovaraju\u0107im nazivom.Proizvod je jedan od na\u0161ih favorita,jer ne nudi samo zabavu,ve\u0107 je odli\u010dan dodatak za u\u010denje i pove\u0107avanje znanja iz zemljopisa,a mo\u017eda vas potakne i na kakvo zanimljivo putovanje.Ima i ukrasnu funkciju jer izgleda jako lijepo na zidu dje\u010dje sobeKarta je na francuskom jeziku i primjerena je za djecu od 7-12 godina.<\/p>\n<p>Upozorenje:artikal nije za djecu do 3 godine starosti,maleni dijelovi su opasni,jer ih mogu udahnuti ili progutati.<\/p>\n","protected":false},"excerpt":{"rendered":"<ul>\n<li>Veli\u010dina: 50 x 50 x 1 cm<\/li>\n<li>Rok isporuke: 5-7 &#8230;<br \/>\n","protected":false},"featured_media":3797,"comment_status":"open","ping_status":"closed","template":"","meta":[],"product_brand":[],"product_cat":[161,160],"product_tag":[581,580,578,579],"class_list":{"0":"post-2056","1":"product","2":"type-product","3":"status-publish","4":"has-post-thumbnail","6":"product_cat-didakticne-poucne-igracke","7":"product_cat-igracke","8":"product_tag-evrope","9":"product_tag-karta","10":"product_tag-magnetska","11":"product_tag-ploca","13":"first","14":"instock","15":"taxable","16":"shipping-taxable","17":"purchasable","18":"product-type-simple"},"_links":{"self":[{"href":"https:\/\/talenti.hr\/index.php?rest_route=\/wp\/v2\/product\/2056","targetHints":{"allow":["GET"]}}],"collection":[{"href":"https:\/\/talenti.hr\/index.php?rest_route=\/wp\/v2\/product"}],"about":[{"href":"https:\/\/talenti.hr\/index.php?rest_route=\/wp\/v2\/types\/product"}],"replies":[{"embeddable":true,"href":"https:\/\/talenti.hr\/index.php?rest_route=%2Fwp%2Fv2%2Fcomments&post=2056"}],"wp:featuredmedia":[{"embeddable":true,"href":"https:\/\/talenti.hr\/index.php?rest_route=\/wp\/v2\/media\/3797"}],"wp:attachment":[{"href":"https:\/\/talenti.hr\/index.php?rest_route=%2Fwp%2Fv2%2Fmedia&parent=2056"}],"wp:term":[{"taxonomy":"product_brand","embeddable":true,"href":"https:\/\/talenti.hr\/index.php?rest_route=%2Fwp%2Fv2%2Fproduct_brand&post=2056"},{"taxonomy":"product_cat","embeddable":true,"href":"https:\/\/talenti.hr\/index.php?rest_route=%2Fwp%2Fv2%2Fproduct_cat&post=2056"},{"taxonomy":"product_tag","embeddable":true,"href":"https:\/\/talenti.hr\/index.php?rest_route=%2Fwp%2Fv2%2Fproduct_tag&post=2056"}],"curies":[{"name":"wp","href":"https:\/\/api.w.org\/{rel}","templated":true}]}}