{"id":2062,"date":"2020-03-29T21:24:43","date_gmt":"2020-03-29T19:24:43","guid":{"rendered":"https:\/\/talenti.hr\/?post_type=product&#038;p=2062"},"modified":"2020-05-10T13:30:47","modified_gmt":"2020-05-10T11:30:47","slug":"magnetski-ribolov","status":"publish","type":"product","link":"https:\/\/talenti.hr\/?product=magnetski-ribolov","title":{"rendered":"Magnetski ribolov"},"content":{"rendered":"<p>Svijetla,\u0161arena i dobro poznata igra ribolov sastavljena je od 11 drvenih ribica koje mo\u017eete uloviti uz upotrebu 2 magnetska ribi\u010dka \u0161tapa.Djeca \u0107e u\u017eivati u lovljenju ribica i usput razvijati motori\u010dku spretnost i koordinaciju ruke-o\u010di.Janod igra\u010dke su oblikovane u Francuskoj,izrada je kvalitetna zbog \u010dega su njihove igra\u010dke izdr\u017eljive i trajne.<\/p>\n<p>Primjereno od 3. godine dalje.<\/p>\n<p>Upozorenje:Artikal nije za djecu do 3 godine starosti.Maleni dijelovi su opasni,jer ih mogu udahnuti ili progutati.Prije upotrebe odstranite ambala\u017eu,a ove informacije spremite za kasniju upotrebu.<\/p>\n","protected":false},"excerpt":{"rendered":"<ul>\n<li>Veli\u010dina \u0161tapa: 47 cm<\/li>\n<li>Veli\u010dina ribica: 7 x 5 x &#8230;<br \/>\n","protected":false},"featured_media":3794,"comment_status":"open","ping_status":"closed","template":"","meta":[],"product_brand":[],"product_cat":[161,160],"product_tag":[462,576,577],"class_list":{"0":"post-2062","1":"product","2":"type-product","3":"status-publish","4":"has-post-thumbnail","6":"product_cat-didakticne-poucne-igracke","7":"product_cat-igracke","8":"product_tag-janod","9":"product_tag-magnetski","10":"product_tag-ribolov","12":"first","13":"instock","14":"taxable","15":"shipping-taxable","16":"purchasable","17":"product-type-simple"},"_links":{"self":[{"href":"https:\/\/talenti.hr\/index.php?rest_route=\/wp\/v2\/product\/2062","targetHints":{"allow":["GET"]}}],"collection":[{"href":"https:\/\/talenti.hr\/index.php?rest_route=\/wp\/v2\/product"}],"about":[{"href":"https:\/\/talenti.hr\/index.php?rest_route=\/wp\/v2\/types\/product"}],"replies":[{"embeddable":true,"href":"https:\/\/talenti.hr\/index.php?rest_route=%2Fwp%2Fv2%2Fcomments&post=2062"}],"wp:featuredmedia":[{"embeddable":true,"href":"https:\/\/talenti.hr\/index.php?rest_route=\/wp\/v2\/media\/3794"}],"wp:attachment":[{"href":"https:\/\/talenti.hr\/index.php?rest_route=%2Fwp%2Fv2%2Fmedia&parent=2062"}],"wp:term":[{"taxonomy":"product_brand","embeddable":true,"href":"https:\/\/talenti.hr\/index.php?rest_route=%2Fwp%2Fv2%2Fproduct_brand&post=2062"},{"taxonomy":"product_cat","embeddable":true,"href":"https:\/\/talenti.hr\/index.php?rest_route=%2Fwp%2Fv2%2Fproduct_cat&post=2062"},{"taxonomy":"product_tag","embeddable":true,"href":"https:\/\/talenti.hr\/index.php?rest_route=%2Fwp%2Fv2%2Fproduct_tag&post=2062"}],"curies":[{"name":"wp","href":"https:\/\/api.w.org\/{rel}","templated":true}]}}