{"id":2065,"date":"2020-03-29T21:26:32","date_gmt":"2020-03-29T19:26:32","guid":{"rendered":"https:\/\/talenti.hr\/?post_type=product&#038;p=2065"},"modified":"2020-05-10T13:49:21","modified_gmt":"2020-05-10T11:49:21","slug":"magnetski-sklopivi-avion","status":"publish","type":"product","link":"https:\/\/talenti.hr\/?product=magnetski-sklopivi-avion","title":{"rendered":"Magnetski sastavljivi avion"},"content":{"rendered":"<p>Magnetski drveni avion je sastavljen od 7 komada koji se lako rastavi i satavi s pomo\u0107u magneta i pilot je spreman za let.Slagalice kao ovaj avion poma\u017eu u razvijanju sposobnosti rje\u0161avanja problema i i fine motori\u010dne spretnosti.<br \/>\nIzrada je visokog standarda i proizvod je izdr\u017eljiv i trajan.Vrlo je lijepog oblika,idealan kao poklon od 18 mjeseci dalje.<\/p>\n<p>Upozorenje:Artikal nije za djecu do 3 godine starosti.Maleni dijelovi su opasni,jer ih mogu udahnuti ili progutati.Prije upotrebe odstranite ambala\u017eu,a ove informacije spremite za kasniju upotrebu.<\/p>\n","protected":false},"excerpt":{"rendered":"<ul>\n<li>Veli\u010dina sastavljenog aviona: 17 x 21 x 8,5 cm<\/li>\n<li>Rok &#8230;<br \/>\n","protected":false},"featured_media":3817,"comment_status":"open","ping_status":"closed","template":"","meta":[],"product_brand":[],"product_cat":[161,160],"product_tag":[430,462,576,590],"class_list":{"0":"post-2065","1":"product","2":"type-product","3":"status-publish","4":"has-post-thumbnail","6":"product_cat-didakticne-poucne-igracke","7":"product_cat-igracke","8":"product_tag-avion","9":"product_tag-janod","10":"product_tag-magnetski","11":"product_tag-sastavljivi","13":"first","14":"instock","15":"taxable","16":"shipping-taxable","17":"purchasable","18":"product-type-simple"},"_links":{"self":[{"href":"https:\/\/talenti.hr\/index.php?rest_route=\/wp\/v2\/product\/2065","targetHints":{"allow":["GET"]}}],"collection":[{"href":"https:\/\/talenti.hr\/index.php?rest_route=\/wp\/v2\/product"}],"about":[{"href":"https:\/\/talenti.hr\/index.php?rest_route=\/wp\/v2\/types\/product"}],"replies":[{"embeddable":true,"href":"https:\/\/talenti.hr\/index.php?rest_route=%2Fwp%2Fv2%2Fcomments&post=2065"}],"wp:featuredmedia":[{"embeddable":true,"href":"https:\/\/talenti.hr\/index.php?rest_route=\/wp\/v2\/media\/3817"}],"wp:attachment":[{"href":"https:\/\/talenti.hr\/index.php?rest_route=%2Fwp%2Fv2%2Fmedia&parent=2065"}],"wp:term":[{"taxonomy":"product_brand","embeddable":true,"href":"https:\/\/talenti.hr\/index.php?rest_route=%2Fwp%2Fv2%2Fproduct_brand&post=2065"},{"taxonomy":"product_cat","embeddable":true,"href":"https:\/\/talenti.hr\/index.php?rest_route=%2Fwp%2Fv2%2Fproduct_cat&post=2065"},{"taxonomy":"product_tag","embeddable":true,"href":"https:\/\/talenti.hr\/index.php?rest_route=%2Fwp%2Fv2%2Fproduct_tag&post=2065"}],"curies":[{"name":"wp","href":"https:\/\/api.w.org\/{rel}","templated":true}]}}