{"id":2068,"date":"2020-03-29T21:27:39","date_gmt":"2020-03-29T19:27:39","guid":{"rendered":"https:\/\/talenti.hr\/?post_type=product&#038;p=2068"},"modified":"2020-05-10T14:01:00","modified_gmt":"2020-05-10T12:01:00","slug":"maagnetski-sklopivi-helikopter","status":"publish","type":"product","link":"https:\/\/talenti.hr\/?product=maagnetski-sklopivi-helikopter","title":{"rendered":"Magnetski sastavljivi helikopter"},"content":{"rendered":"<p>Magnetski drveni helikopter je sastavljen od 6 komada,lako se rastavi i sastavi jer je spojen pomo\u0107u magneta i pilot je spreman za let.<br \/>\nSlagalice kao ovaj helikopter poma\u017eu pri razvijanju sposobnosti rje\u0161avanja problema i fine motori\u010dke spretnosti.Izrada je visokog standarda,izdr\u017eljiv je i trajan.<br \/>\nHelikopter je zabavnog oblika i idealan dar za svako dijete od 18 mjeseci dalje.<\/p>\n","protected":false},"excerpt":{"rendered":"<ul>\n<li>Rok isporuke: 5-7 dana<\/li>\n<li>Proizvo\u0111a\u010d: Janod<\/li>\n<\/ul>\n<p> &#8230; <\/p>\n","protected":false},"featured_media":3825,"comment_status":"open","ping_status":"closed","template":"","meta":[],"product_brand":[],"product_cat":[161,160],"product_tag":[591,462,576,590],"class_list":{"0":"post-2068","1":"product","2":"type-product","3":"status-publish","4":"has-post-thumbnail","6":"product_cat-didakticne-poucne-igracke","7":"product_cat-igracke","8":"product_tag-helikopter","9":"product_tag-janod","10":"product_tag-magnetski","11":"product_tag-sastavljivi","13":"first","14":"instock","15":"taxable","16":"shipping-taxable","17":"purchasable","18":"product-type-simple"},"_links":{"self":[{"href":"https:\/\/talenti.hr\/index.php?rest_route=\/wp\/v2\/product\/2068","targetHints":{"allow":["GET"]}}],"collection":[{"href":"https:\/\/talenti.hr\/index.php?rest_route=\/wp\/v2\/product"}],"about":[{"href":"https:\/\/talenti.hr\/index.php?rest_route=\/wp\/v2\/types\/product"}],"replies":[{"embeddable":true,"href":"https:\/\/talenti.hr\/index.php?rest_route=%2Fwp%2Fv2%2Fcomments&post=2068"}],"wp:featuredmedia":[{"embeddable":true,"href":"https:\/\/talenti.hr\/index.php?rest_route=\/wp\/v2\/media\/3825"}],"wp:attachment":[{"href":"https:\/\/talenti.hr\/index.php?rest_route=%2Fwp%2Fv2%2Fmedia&parent=2068"}],"wp:term":[{"taxonomy":"product_brand","embeddable":true,"href":"https:\/\/talenti.hr\/index.php?rest_route=%2Fwp%2Fv2%2Fproduct_brand&post=2068"},{"taxonomy":"product_cat","embeddable":true,"href":"https:\/\/talenti.hr\/index.php?rest_route=%2Fwp%2Fv2%2Fproduct_cat&post=2068"},{"taxonomy":"product_tag","embeddable":true,"href":"https:\/\/talenti.hr\/index.php?rest_route=%2Fwp%2Fv2%2Fproduct_tag&post=2068"}],"curies":[{"name":"wp","href":"https:\/\/api.w.org\/{rel}","templated":true}]}}