{"id":2073,"date":"2020-03-29T21:29:46","date_gmt":"2020-03-29T19:29:46","guid":{"rendered":"https:\/\/talenti.hr\/?post_type=product&#038;p=2073"},"modified":"2020-05-10T13:52:04","modified_gmt":"2020-05-10T11:52:04","slug":"magnetska-sklopiva-raketa","status":"publish","type":"product","link":"https:\/\/talenti.hr\/?product=magnetska-sklopiva-raketa","title":{"rendered":"Magnetska sastavljiva raketa"},"content":{"rendered":"<p>Savr\u0161en proizvod za male astronaute.Raketa je sastavljena od 5 dijelova koji se lako mogu rastaviti i sastaviti,jer se me\u0111usobno dr\u017ee pomo\u0107u magneta.<br \/>\nProizvodi kao ova raketa poma\u017eu razvijati sposobnost rje\u0161avanja problema i finih motori\u010dkih sposobnosti.<br \/>\nIzrada je visokog standarda,izdr\u017eljiva je i trajna.Zabavnog je oblika i idealan je poklon za svako dijete od 18 mjeseci dalje.<\/p>\n<p>Upozorenje:Artikal nije za djecu do 3 godine starosti.Maleni dijelovi su opasni,jer ih mogu udahnuti ili progutati.Prije upotrebe odstranite ambala\u017eu,a ove informacije spremite za kasniju upotrebu.<\/p>\n","protected":false},"excerpt":{"rendered":"<ul>\n<li>Veli\u010dina: 16 x 6,5 x 6,5 cm<\/li>\n<li>Rok isporuke: 5-7 &#8230;<br \/>\n","protected":false},"featured_media":3821,"comment_status":"open","ping_status":"closed","template":"","meta":[],"product_brand":[],"product_cat":[161,160],"product_tag":[462,578,417,589],"class_list":{"0":"post-2073","1":"product","2":"type-product","3":"status-publish","4":"has-post-thumbnail","6":"product_cat-didakticne-poucne-igracke","7":"product_cat-igracke","8":"product_tag-janod","9":"product_tag-magnetska","10":"product_tag-raketa","11":"product_tag-sastavljiva","13":"first","14":"instock","15":"taxable","16":"shipping-taxable","17":"purchasable","18":"product-type-simple"},"_links":{"self":[{"href":"https:\/\/talenti.hr\/index.php?rest_route=\/wp\/v2\/product\/2073","targetHints":{"allow":["GET"]}}],"collection":[{"href":"https:\/\/talenti.hr\/index.php?rest_route=\/wp\/v2\/product"}],"about":[{"href":"https:\/\/talenti.hr\/index.php?rest_route=\/wp\/v2\/types\/product"}],"replies":[{"embeddable":true,"href":"https:\/\/talenti.hr\/index.php?rest_route=%2Fwp%2Fv2%2Fcomments&post=2073"}],"wp:featuredmedia":[{"embeddable":true,"href":"https:\/\/talenti.hr\/index.php?rest_route=\/wp\/v2\/media\/3821"}],"wp:attachment":[{"href":"https:\/\/talenti.hr\/index.php?rest_route=%2Fwp%2Fv2%2Fmedia&parent=2073"}],"wp:term":[{"taxonomy":"product_brand","embeddable":true,"href":"https:\/\/talenti.hr\/index.php?rest_route=%2Fwp%2Fv2%2Fproduct_brand&post=2073"},{"taxonomy":"product_cat","embeddable":true,"href":"https:\/\/talenti.hr\/index.php?rest_route=%2Fwp%2Fv2%2Fproduct_cat&post=2073"},{"taxonomy":"product_tag","embeddable":true,"href":"https:\/\/talenti.hr\/index.php?rest_route=%2Fwp%2Fv2%2Fproduct_tag&post=2073"}],"curies":[{"name":"wp","href":"https:\/\/api.w.org\/{rel}","templated":true}]}}