{"id":2076,"date":"2020-03-29T21:31:20","date_gmt":"2020-03-29T19:31:20","guid":{"rendered":"https:\/\/talenti.hr\/?post_type=product&#038;p=2076"},"modified":"2020-05-09T14:45:43","modified_gmt":"2020-05-09T12:45:43","slug":"okrugla-piramida-magicno-drvo","status":"publish","type":"product","link":"https:\/\/talenti.hr\/?product=okrugla-piramida-magicno-drvo","title":{"rendered":"Okrugla piramida-magi\u010dno drvo"},"content":{"rendered":"<p>Okrugla piramida-magi\u010dno drvo je klasi\u010dna igra\u010dka lijepih boja od laganog materijala.Sastoji se od kocki koje mo\u017eemo slagati na razli\u010dite na\u010dine pa se djeca mogu zabaviti i isku\u0161avati svoje gra\u0111evinske sposobnosti.Kada se potpuno sastavi visina se penje do 88,0 cm.Kocke su napravljene od tvrdog,otpornog kartona,lagane su i jednostavne za rukovanje.Izgleda odli\u010dno kao poklon,jer je u zgodnoj kutiji s ru\u010dkom.<br \/>\nSet je primjeren za djecu od 12 mjeseci navi\u0161e.<br \/>\nObavijest: prije upotrebe odstranite ambala\u017eu.<\/p>\n","protected":false},"excerpt":{"rendered":"<ul>\n<li>Rok isporuke: 5-7 dana<\/li>\n<li>Proizvo\u0111a\u010d: Janod<\/li>\n<\/ul>\n<p> &#8230; <\/p>\n","protected":false},"featured_media":3802,"comment_status":"open","ping_status":"closed","template":"","meta":[],"product_brand":[],"product_cat":[161,160],"product_tag":[586,585,583,584],"class_list":{"0":"post-2076","1":"product","2":"type-product","3":"status-publish","4":"has-post-thumbnail","6":"product_cat-didakticne-poucne-igracke","7":"product_cat-igracke","8":"product_tag-drvo","9":"product_tag-magicno","10":"product_tag-okrugla","11":"product_tag-piramida","13":"first","14":"instock","15":"taxable","16":"shipping-taxable","17":"purchasable","18":"product-type-simple"},"_links":{"self":[{"href":"https:\/\/talenti.hr\/index.php?rest_route=\/wp\/v2\/product\/2076","targetHints":{"allow":["GET"]}}],"collection":[{"href":"https:\/\/talenti.hr\/index.php?rest_route=\/wp\/v2\/product"}],"about":[{"href":"https:\/\/talenti.hr\/index.php?rest_route=\/wp\/v2\/types\/product"}],"replies":[{"embeddable":true,"href":"https:\/\/talenti.hr\/index.php?rest_route=%2Fwp%2Fv2%2Fcomments&post=2076"}],"wp:featuredmedia":[{"embeddable":true,"href":"https:\/\/talenti.hr\/index.php?rest_route=\/wp\/v2\/media\/3802"}],"wp:attachment":[{"href":"https:\/\/talenti.hr\/index.php?rest_route=%2Fwp%2Fv2%2Fmedia&parent=2076"}],"wp:term":[{"taxonomy":"product_brand","embeddable":true,"href":"https:\/\/talenti.hr\/index.php?rest_route=%2Fwp%2Fv2%2Fproduct_brand&post=2076"},{"taxonomy":"product_cat","embeddable":true,"href":"https:\/\/talenti.hr\/index.php?rest_route=%2Fwp%2Fv2%2Fproduct_cat&post=2076"},{"taxonomy":"product_tag","embeddable":true,"href":"https:\/\/talenti.hr\/index.php?rest_route=%2Fwp%2Fv2%2Fproduct_tag&post=2076"}],"curies":[{"name":"wp","href":"https:\/\/api.w.org\/{rel}","templated":true}]}}