{"id":2082,"date":"2020-03-29T21:34:40","date_gmt":"2020-03-29T19:34:40","guid":{"rendered":"https:\/\/talenti.hr\/?post_type=product&#038;p=2082"},"modified":"2020-05-10T15:13:03","modified_gmt":"2020-05-10T13:13:03","slug":"poucni-sat-sova","status":"publish","type":"product","link":"https:\/\/talenti.hr\/?product=poucni-sat-sova","title":{"rendered":"Pou\u010dni sat sova"},"content":{"rendered":"<p>Zabavna i pou\u010dna sovica sprijeda ima pomi\u010dne kazaljke za u\u010denje gledanja na sat,brojke koje se mogu maknuti za u\u010denje boja,a straga je tabla za pisanje i brisanje.Za prikaz koncepta dana i no\u0107i sovici se mogu okrenuti o\u010di.Mo\u017ee se staviti na policu ili objesiti na zid.<br \/>\nJanod igra\u010dke izra\u0111ene su u Francuskoj kvalitetne su,sigurne i dugotrajne.<\/p>\n<p>Upozorenje:artikal nije za djecu do 3 godine starosti,maleni dijelovi su opasni,jer ih mogu udahnuti ili progutati.<\/p>\n","protected":false},"excerpt":{"rendered":"<ul>\n<li>Veli\u010dina: 39 x 32 x 6,5 cm<\/li>\n<li>Rok isporuke: 5-7 &#8230;<br \/>\n","protected":false},"featured_media":3837,"comment_status":"open","ping_status":"closed","template":"","meta":[],"product_brand":[],"product_cat":[161,160],"product_tag":[462,598,599,600],"class_list":{"0":"post-2082","1":"product","2":"type-product","3":"status-publish","4":"has-post-thumbnail","6":"product_cat-didakticne-poucne-igracke","7":"product_cat-igracke","8":"product_tag-janod","9":"product_tag-poucni","10":"product_tag-sat","11":"product_tag-sova","13":"first","14":"instock","15":"taxable","16":"shipping-taxable","17":"purchasable","18":"product-type-simple"},"_links":{"self":[{"href":"https:\/\/talenti.hr\/index.php?rest_route=\/wp\/v2\/product\/2082","targetHints":{"allow":["GET"]}}],"collection":[{"href":"https:\/\/talenti.hr\/index.php?rest_route=\/wp\/v2\/product"}],"about":[{"href":"https:\/\/talenti.hr\/index.php?rest_route=\/wp\/v2\/types\/product"}],"replies":[{"embeddable":true,"href":"https:\/\/talenti.hr\/index.php?rest_route=%2Fwp%2Fv2%2Fcomments&post=2082"}],"wp:featuredmedia":[{"embeddable":true,"href":"https:\/\/talenti.hr\/index.php?rest_route=\/wp\/v2\/media\/3837"}],"wp:attachment":[{"href":"https:\/\/talenti.hr\/index.php?rest_route=%2Fwp%2Fv2%2Fmedia&parent=2082"}],"wp:term":[{"taxonomy":"product_brand","embeddable":true,"href":"https:\/\/talenti.hr\/index.php?rest_route=%2Fwp%2Fv2%2Fproduct_brand&post=2082"},{"taxonomy":"product_cat","embeddable":true,"href":"https:\/\/talenti.hr\/index.php?rest_route=%2Fwp%2Fv2%2Fproduct_cat&post=2082"},{"taxonomy":"product_tag","embeddable":true,"href":"https:\/\/talenti.hr\/index.php?rest_route=%2Fwp%2Fv2%2Fproduct_tag&post=2082"}],"curies":[{"name":"wp","href":"https:\/\/api.w.org\/{rel}","templated":true}]}}