{"id":2085,"date":"2020-03-29T21:35:50","date_gmt":"2020-03-29T19:35:50","guid":{"rendered":"https:\/\/talenti.hr\/?post_type=product&#038;p=2085"},"modified":"2020-05-12T11:51:35","modified_gmt":"2020-05-12T09:51:35","slug":"sakol-10","status":"publish","type":"product","link":"https:\/\/talenti.hr\/?product=sakol-10","title":{"rendered":"Sakol 10"},"content":{"rendered":"<p>Izrazite svu mo\u0107 ma\u0161te \u0161to vam nudi 10 dijelni komplet kocki oblo\u017een \u010di\u010dak trakom.Potencijal Sakola 10 je bitno ve\u0107i od uobi\u010dajenih konstrukcijskih igra\u010daka,osobito ako odrasla osoba stimulira dijete pri prvom kontaktu s tom igra\u010dkom.Jednostavni zadatci pokre\u0107u kreativni proces.\u010ci\u010dak trake koje se me\u0111usobno hvataju nude nove na\u010dine gradnje najrazli\u010ditijih figura.Sakol 10 stimulira osjetila i pokre\u0107e kreativnost.<\/p>\n","protected":false},"excerpt":{"rendered":"<ul>\n<li>Rok isporuke: 5-7 dana<\/li>\n<li>Proizvo\u0111a\u010d: Active People<\/li>\n<\/ul>\n<p> &nbsp; &#8230; <\/p>\n","protected":false},"featured_media":3906,"comment_status":"open","ping_status":"closed","template":"","meta":[],"product_brand":[],"product_cat":[161,160],"product_tag":[622,623],"class_list":{"0":"post-2085","1":"product","2":"type-product","3":"status-publish","4":"has-post-thumbnail","6":"product_cat-didakticne-poucne-igracke","7":"product_cat-igracke","8":"product_tag-active-people","9":"product_tag-sakol","11":"first","12":"instock","13":"taxable","14":"shipping-taxable","15":"purchasable","16":"product-type-simple"},"_links":{"self":[{"href":"https:\/\/talenti.hr\/index.php?rest_route=\/wp\/v2\/product\/2085","targetHints":{"allow":["GET"]}}],"collection":[{"href":"https:\/\/talenti.hr\/index.php?rest_route=\/wp\/v2\/product"}],"about":[{"href":"https:\/\/talenti.hr\/index.php?rest_route=\/wp\/v2\/types\/product"}],"replies":[{"embeddable":true,"href":"https:\/\/talenti.hr\/index.php?rest_route=%2Fwp%2Fv2%2Fcomments&post=2085"}],"wp:featuredmedia":[{"embeddable":true,"href":"https:\/\/talenti.hr\/index.php?rest_route=\/wp\/v2\/media\/3906"}],"wp:attachment":[{"href":"https:\/\/talenti.hr\/index.php?rest_route=%2Fwp%2Fv2%2Fmedia&parent=2085"}],"wp:term":[{"taxonomy":"product_brand","embeddable":true,"href":"https:\/\/talenti.hr\/index.php?rest_route=%2Fwp%2Fv2%2Fproduct_brand&post=2085"},{"taxonomy":"product_cat","embeddable":true,"href":"https:\/\/talenti.hr\/index.php?rest_route=%2Fwp%2Fv2%2Fproduct_cat&post=2085"},{"taxonomy":"product_tag","embeddable":true,"href":"https:\/\/talenti.hr\/index.php?rest_route=%2Fwp%2Fv2%2Fproduct_tag&post=2085"}],"curies":[{"name":"wp","href":"https:\/\/api.w.org\/{rel}","templated":true}]}}