{"id":2091,"date":"2020-03-29T21:39:02","date_gmt":"2020-03-29T19:39:02","guid":{"rendered":"https:\/\/talenti.hr\/?post_type=product&#038;p=2091"},"modified":"2020-05-13T15:00:55","modified_gmt":"2020-05-13T13:00:55","slug":"djecji-zmaj-astronaut","status":"publish","type":"product","link":"https:\/\/talenti.hr\/?product=djecji-zmaj-astronaut","title":{"rendered":"Astronaut"},"content":{"rendered":"<p>Lijep zmaj koji je vrlo stabilan \u0161to mu omogu\u0107uju 2 repa i izrada od kvalitetnih materijala ( kao i najbolji akrobatski zmajevi ).Platno je od materijala kao i jedra kod jedrilica ( Ripstop poliester ).Konstrukciju \u010dine \u0161ipke od fiberglasa debljine 2 mm.Prilo\u017eena je nit od poliestera du\u017eine 60 m.<\/p>\n<p>Primjeren je za vjetrove od 2-5 Bft ( 7-38 km\/h ).<\/p>\n","protected":false},"excerpt":{"rendered":"<ul>\n<li>Visina: 64 cm<\/li>\n<li>\u0160irina: 71 cm<\/li>\n<li>Rok isporuke: 5-7 dana<\/li>\n<p> &#8230; <\/p>\n","protected":false},"featured_media":4022,"comment_status":"open","ping_status":"closed","template":"","meta":[],"product_brand":[],"product_cat":[160,167],"product_tag":[666,389,665,242],"class_list":{"0":"post-2091","1":"product","2":"type-product","3":"status-publish","4":"has-post-thumbnail","6":"product_cat-igracke","7":"product_cat-zmajevi-za-djecu","8":"product_tag-astronaut","9":"product_tag-djeca","10":"product_tag-hq-invento","11":"product_tag-zmaj","13":"first","14":"instock","15":"taxable","16":"shipping-taxable","17":"purchasable","18":"product-type-simple"},"_links":{"self":[{"href":"https:\/\/talenti.hr\/index.php?rest_route=\/wp\/v2\/product\/2091","targetHints":{"allow":["GET"]}}],"collection":[{"href":"https:\/\/talenti.hr\/index.php?rest_route=\/wp\/v2\/product"}],"about":[{"href":"https:\/\/talenti.hr\/index.php?rest_route=\/wp\/v2\/types\/product"}],"replies":[{"embeddable":true,"href":"https:\/\/talenti.hr\/index.php?rest_route=%2Fwp%2Fv2%2Fcomments&post=2091"}],"wp:featuredmedia":[{"embeddable":true,"href":"https:\/\/talenti.hr\/index.php?rest_route=\/wp\/v2\/media\/4022"}],"wp:attachment":[{"href":"https:\/\/talenti.hr\/index.php?rest_route=%2Fwp%2Fv2%2Fmedia&parent=2091"}],"wp:term":[{"taxonomy":"product_brand","embeddable":true,"href":"https:\/\/talenti.hr\/index.php?rest_route=%2Fwp%2Fv2%2Fproduct_brand&post=2091"},{"taxonomy":"product_cat","embeddable":true,"href":"https:\/\/talenti.hr\/index.php?rest_route=%2Fwp%2Fv2%2Fproduct_cat&post=2091"},{"taxonomy":"product_tag","embeddable":true,"href":"https:\/\/talenti.hr\/index.php?rest_route=%2Fwp%2Fv2%2Fproduct_tag&post=2091"}],"curies":[{"name":"wp","href":"https:\/\/api.w.org\/{rel}","templated":true}]}}